{"id":1711,"date":"2023-01-26T13:14:42","date_gmt":"2023-01-26T11:14:42","guid":{"rendered":"https:\/\/www.naelucare.com\/produkt\/naelu-sonne-spf-50\/"},"modified":"2025-09-26T09:49:51","modified_gmt":"2025-09-26T07:49:51","slug":"naelu-sonne-spf-50","status":"publish","type":"product","link":"https:\/\/www.naelucare.com\/de\/produkt\/naelu-sonne-spf-50\/","title":{"rendered":"N\u00c6|LU SUN LSF 50"},"content":{"rendered":"<div class=\"wpb-content-wrapper\"><p>[vc_row el_class=&#8220;product-bg-sun&#8220; css=&#8220;.vc_custom_1713370813268{margin-bottom: 2rem !important;padding-top: 2rem !important;padding-bottom: 2rem !important;}&#8220;][vc_column][vc_tta_accordion shape=&#8220;square&#8220; active_section=&#8220;1&#8243; no_fill=&#8220;true&#8220; collapsible_all=&#8220;true&#8220;][vc_tta_section title=&#8220;Infos&#8220; tab_id=&#8220;1683050076260-593c0c01-1c99&#8243;][vc_row_inner][vc_column_inner width=&#8220;1\/2&#8243;][vc_column_text]Wir stellen vor: N\u00c6 | LU Sun &#8211; ein wirklich innovatives Sonnenschutzmittel, das hohen Schutz mit einer leichten und nat\u00fcrlichen Formulierung bietet. Unser Produkt wurde wissenschaftlichen Messungen und Validierungen unterzogen, und hat keine negativen Auswirkungen auf die Umwelt. Unsere wasserfeste Sonnencreme mit SPF 50 kombiniert eine Reihe von &#8222;sauberen&#8220; Sonnenfiltern der neuen Generation mit einem biologisch abbaubaren SPF-Booster, der aus nat\u00fcrlich gewonnenen und nachhaltig erzeugten Wachsen besteht. Es bietet optimalen Schutz vor sch\u00e4dlichen UVA- und UVB-Strahlen und hat gleichzeitig eine geringe Auswirkung auf die Artenvielfalt im Meer. Mit unserem SPF-Booster konnten wir sogar den Anteil der UV-filternden Inhaltsstoffe reduzieren, so dass N\u00c6 | LU Sun so nat\u00fcrlich wie m\u00f6glich ist und gleichzeitig den gleichen Schutz bietet wie herk\u00f6mmliche Sonnenschutzmittel. Dar\u00fcber hinaus entspricht unser Produkt vollst\u00e4ndig den Umweltgesetzen von Hawaii und Palau und erf\u00fcllt somit die h\u00f6chsten Umweltschutzstandards. Es ist stolz darauf, auf nat\u00fcrlicher Basis formuliert zu sein, frei von jeglichen unerw\u00fcnschten Stoffen und einem nachhaltigeren Ansatz.[\/vc_column_text][\/vc_column_inner][vc_column_inner width=&#8220;1\/2&#8243;][vc_column_text]Aber das ist noch nicht alles &#8211; N\u00c6 | LU Sun ist angereichert mit einer Mischung aus nat\u00fcrlichen Inhaltsstoffen wie Bakuchiol, das hilft, die Lichtalterung zu verbessern, und CBA, einem Komplex aus amazonischen \u00d6len, der f\u00fcr seine hautberuhigende Wirkung bekannt ist. Unsere sorgf\u00e4ltig entwickelte Formel zieht schnell ein, ist geschmeidig und hat eine feuchtigkeitsspendende Textur mit einem matten Finish.<br \/>\nWir wissen, dass aktive Frauen einen Sonnenschutz brauchen, der mit ihrem Lebensstil mithalten kann. Deshalb wurde N\u00c6 | LU Sun rigoros unter extremsten Bedingungen getestet, um sicherzustellen, dass es Ihnen den Schutz bietet, den Sie brauchen, ganz gleich, wohin Ihr Tag Sie f\u00fchrt.[\/vc_column_text][\/vc_column_inner][\/vc_row_inner][\/vc_tta_section][vc_tta_section title=&#8220;Vorteile&#8220; tab_id=&#8220;1684165047281-2e6bd6c4-1846&#8243;][vc_row_inner][vc_column_inner width=&#8220;1\/2&#8243;][vc_column_text]<\/p>\n<ul>\n<li>CBA: Eine Mischung aus \u00d6len aus dem Amazonasgebiet, die f\u00fcr ihre wohltuenden und entspannenden Eigenschaften bekannt sind und ein Gef\u00fchl der Ruhe und des Komforts f\u00fcr die Haut vermitteln. Auch bekannt f\u00fcr seine F\u00e4higkeit, die Heilungsaktivit\u00e4t der Haut zu verbessern.<\/li>\n<li>Bakuchiol: Ein Durchbruch in der nat\u00fcrlichen Hautpflege. Bakuchiol ist eine nat\u00fcrliche Alternative zu Retinol. Ein pflanzlicher Inhaltsstoff, der klinisch erwiesenerma\u00dfen ebenso wirksam Hyperpigmentierung und Falten reduziert wie Retinol. In der Tat haben Studien gezeigt, dass Bakuchiol eine noch bessere Hautvertr\u00e4glichkeit aufweist, was es zu einer idealen Wahl f\u00fcr sonnengestresste Haut macht.<\/li>\n<li>Unser Produkt wurde wissenschaftlichen Messungen und Validierungen unterzogen, und hat keine negativen Auswirkungen auf die Umwelt.<\/li>\n<\/ul>\n<p>[\/vc_column_text][\/vc_column_inner][vc_column_inner width=&#8220;1\/2&#8243;][vc_column_text]<\/p>\n<ul>\n<li>Es umfasst eine Reihe von &#8222;sauberen&#8220; Filtern der neuen Generation, die hochwirksam gegen UVA\/UVB-Strahlen sind und gleichzeitig die biologische Vielfalt der Meere nur geringf\u00fcgig beeintr\u00e4chtigen. Dar\u00fcber hinaus entspricht unser Produkt vollst\u00e4ndig den Umweltgesetzen von Hawaii und Palau und erf\u00fcllt somit die h\u00f6chsten Umweltschutzstandards. Es ist stolz darauf, auf 100% nat\u00fcrlicher Basis formuliert zu sein, frei von jeglichen unerw\u00fcnschten Stoffen, was einen gr\u00fcneren und nachhaltigeren Ansatz f\u00f6rdert.<\/li>\n<li>Biologisch abbaubarer SPF-Booster: Minimiert die Verwendung von UV-filternden Inhaltsstoffen, w\u00e4hrend das gleiche Ma\u00df an Hautschutz wie bei herk\u00f6mmlichen Sonnenschutzmitteln erhalten bleibt. N\u00c6 | LU Sun schafft ein Gleichgewicht zwischen Wirksamkeit und Umweltbewusstsein und ist damit eine hervorragende Wahl f\u00fcr alle, die einen nachhaltigen Sonnenschutz suchen.<\/li>\n<\/ul>\n<p>[\/vc_column_text][\/vc_column_inner][\/vc_row_inner][\/vc_tta_section][vc_tta_section title=&#8220;Zutaten&#8220; tab_id=&#8220;1683050103158-47b25859-766c&#8220;][vc_row_inner equal_height=&#8220;yes&#8220; rtl_reverse=&#8220;yes&#8220;][vc_column_inner width=&#8220;1\/2&#8243;][vc_column_text]Aqua (Wasser), Isopropyl Lauroyl Sarcosinate, Phenoxyethyl Caprylate, Diethylamino Hydroxybenzoyl Hexyl Benzoate, C15-19 Alkane*, Ethylhexyl Triazone, Tris- Biphenyl Triazine (nano), Potassium Cetyl Phosphate, Pentylene Glycol, Bis- Ethylhexyloxyphenol Methoxyphenyl Triazine, Capryloyl Glycerin\/Sebacic Acid Copolymer, Diisopropyl Sebacate, Behenyl Alcohol, Cetearyl Isononanoate, Oryza Sativa (Rice) Hull Powder, Bakuchiol, Passiflora Edulis Seed Oil, Magnolia Officinalis Bark Extract, Biosaccharide Gum-1, Oryza Sativa, Helianthus Annuus (Sunflower) Seed Oil, Tocopherol, Acacia Senegal Gum, Copaifera Officinalis (Balsam Copaiba) Resin, Copernicia Cerifera (Carnauba) Wax, Menthyl Lactate, Gellan Gum, Decyl Glucoside, Phenylpropanol, Sodium Polyphosphate, Arginine, Maltodextrin, Xanthan Gum, Butylene Glycol, Disodium Phosphate, Parfum (Fragrance)<br \/>\n* pflanzlich &amp; erneuerbar[\/vc_column_text][\/vc_column_inner][vc_column_inner width=&#8220;1\/2&#8243;][vc_single_image image=&#8220;358&#8243; img_size=&#8220;large&#8220; alignment=&#8220;center&#8220;][\/vc_column_inner][\/vc_row_inner][\/vc_tta_section][vc_tta_section title=&#8220;WIE BENUTZEN&#8220; tab_id=&#8220;1683741521249-c9e2f7c4-1d75&#8243;][vc_row_inner][vc_column_inner][vc_column_text]<strong>Anwendung:<\/strong> Tragen Sie den Sonnenschutz vor der Sonnenexposition gro\u00dfz\u00fcgig auf. Tragen Sie die Creme h\u00e4ufig auf, um einen konstanten Schutz zu gew\u00e4hrleisten, insbesondere nach dem Schwimmen, Schwitzen oder dem Gebrauch von Handt\u00fcchern.&lt;\/Wichtig<strong>:<\/strong> \u00dcberm\u00e4\u00dfige Sonnenbestrahlung ist eine ernsthafte Gefahr f\u00fcr die Gesundheit. Vermeiden Sie intensive Mittagssonne. Selbst Sonnenschutzmittel mit einem hohen Lichtschutzfaktor garantieren keinen vollst\u00e4ndigen Schutz. Halten Sie S\u00e4uglinge und Kleinkinder von direkter Sonneneinstrahlung fern, verwenden Sie sch\u00fctzende Kleidung und Sonnenschutzmittel mit einem hohen Lichtschutzfaktor (LSF gr\u00f6\u00dfer als 25). Vermeiden Sie den Kontakt mit den Augen.[\/vc_column_text][\/vc_column_inner][\/vc_row_inner][\/vc_tta_section][\/vc_tta_accordion][\/vc_column][\/vc_row][vc_row css=&#8220;.vc_custom_1684956711420{margin-top: 3rem !important;}&#8220;][vc_column][vc_row_inner equal_height=&#8220;yes&#8220; rtl_reverse=&#8220;yes&#8220;][vc_column_inner width=&#8220;1\/2&#8243;][vc_single_image image=&#8220;1435&#8243; img_size=&#8220;500&#215;500&#8243; alignment=&#8220;center&#8220;][\/vc_column_inner][vc_column_inner width=&#8220;1\/2&#8243;][vc_single_image image=&#8220;1437&#8243; img_size=&#8220;500&#215;500&#8243; alignment=&#8220;center&#8220;][\/vc_column_inner][\/vc_row_inner][vc_row_inner equal_height=&#8220;yes&#8220;][vc_column_inner width=&#8220;1\/2&#8243;][vc_single_image image=&#8220;759&#8243; img_size=&#8220;500&#215;500&#8243; alignment=&#8220;center&#8220;][\/vc_column_inner][vc_column_inner width=&#8220;1\/2&#8243;][vc_single_image image=&#8220;1438&#8243; img_size=&#8220;500&#215;500&#8243; alignment=&#8220;center&#8220;][\/vc_column_inner][\/vc_row_inner][\/vc_column][\/vc_row]<\/p>\n<\/div>","protected":false},"excerpt":{"rendered":"<p>SPF 50 &#8211; HOHER SCHUTZ<br \/>\nLEICHTE TEXTUR<br \/>\nWASSERBEST\u00c4NDIG<br \/>\nREEF- SAFE<br \/>\nVEGAN<br \/>\nMADE IN SWITZERLAND<br \/>\n<small>Gr\u00f6\u00dfe: 50ml<\/small><\/p>\n","protected":false},"featured_media":1456,"comment_status":"closed","ping_status":"closed","template":"","meta":{"footnotes":""},"product_brand":[],"product_cat":[110],"product_tag":[],"class_list":{"0":"post-1711","1":"product","2":"type-product","3":"status-publish","4":"has-post-thumbnail","6":"product_cat-sonnenschutz","7":"product_shipping_class-warenpost-de","9":"first","10":"instock","11":"taxable","12":"shipping-taxable","13":"purchasable","14":"product-type-simple"},"yoast_head":"<!-- This site is optimized with the Yoast SEO plugin v26.8 - https:\/\/yoast.com\/product\/yoast-seo-wordpress\/ -->\n<title>N\u00c6|LU SUN LSF 50 - Naelucare<\/title>\n<meta name=\"robots\" content=\"index, follow, max-snippet:-1, max-image-preview:large, max-video-preview:-1\" \/>\n<link rel=\"canonical\" href=\"https:\/\/www.naelucare.com\/de\/produkt\/naelu-sonne-spf-50\/\" \/>\n<meta property=\"og:locale\" content=\"de_DE\" \/>\n<meta property=\"og:type\" content=\"article\" \/>\n<meta property=\"og:title\" content=\"N\u00c6|LU SUN LSF 50 - Naelucare\" \/>\n<meta property=\"og:description\" content=\"SPF 50 - HOHER SCHUTZ LEICHTE TEXTUR WASSERBEST\u00c4NDIG REEF- SAFE VEGAN MADE IN SWITZERLAND Gr\u00f6\u00dfe: 50ml\" \/>\n<meta property=\"og:url\" content=\"https:\/\/www.naelucare.com\/de\/produkt\/naelu-sonne-spf-50\/\" \/>\n<meta property=\"og:site_name\" content=\"Naelucare\" \/>\n<meta property=\"article:modified_time\" content=\"2025-09-26T07:49:51+00:00\" \/>\n<meta property=\"og:image\" content=\"https:\/\/www.naelucare.com\/wp-content\/uploads\/2023\/01\/NAELU-SUN-front.jpg\" \/>\n\t<meta property=\"og:image:width\" content=\"1000\" \/>\n\t<meta property=\"og:image:height\" content=\"1000\" \/>\n\t<meta property=\"og:image:type\" content=\"image\/jpeg\" \/>\n<script type=\"application\/ld+json\" class=\"yoast-schema-graph\">{\"@context\":\"https:\/\/schema.org\",\"@graph\":[{\"@type\":\"WebPage\",\"@id\":\"https:\/\/www.naelucare.com\/de\/produkt\/naelu-sonne-spf-50\/\",\"url\":\"https:\/\/www.naelucare.com\/de\/produkt\/naelu-sonne-spf-50\/\",\"name\":\"N\u00c6|LU SUN LSF 50 - Naelucare\",\"isPartOf\":{\"@id\":\"https:\/\/www.naelucare.com\/de\/#website\"},\"primaryImageOfPage\":{\"@id\":\"https:\/\/www.naelucare.com\/de\/produkt\/naelu-sonne-spf-50\/#primaryimage\"},\"image\":{\"@id\":\"https:\/\/www.naelucare.com\/de\/produkt\/naelu-sonne-spf-50\/#primaryimage\"},\"thumbnailUrl\":\"https:\/\/www.naelucare.com\/wp-content\/uploads\/2023\/01\/NAELU-SUN-front.jpg\",\"datePublished\":\"2023-01-26T11:14:42+00:00\",\"dateModified\":\"2025-09-26T07:49:51+00:00\",\"breadcrumb\":{\"@id\":\"https:\/\/www.naelucare.com\/de\/produkt\/naelu-sonne-spf-50\/#breadcrumb\"},\"inLanguage\":\"de\",\"potentialAction\":[{\"@type\":\"ReadAction\",\"target\":[\"https:\/\/www.naelucare.com\/de\/produkt\/naelu-sonne-spf-50\/\"]}]},{\"@type\":\"ImageObject\",\"inLanguage\":\"de\",\"@id\":\"https:\/\/www.naelucare.com\/de\/produkt\/naelu-sonne-spf-50\/#primaryimage\",\"url\":\"https:\/\/www.naelucare.com\/wp-content\/uploads\/2023\/01\/NAELU-SUN-front.jpg\",\"contentUrl\":\"https:\/\/www.naelucare.com\/wp-content\/uploads\/2023\/01\/NAELU-SUN-front.jpg\",\"width\":1000,\"height\":1000},{\"@type\":\"BreadcrumbList\",\"@id\":\"https:\/\/www.naelucare.com\/de\/produkt\/naelu-sonne-spf-50\/#breadcrumb\",\"itemListElement\":[{\"@type\":\"ListItem\",\"position\":1,\"name\":\"Home\",\"item\":\"https:\/\/www.naelucare.com\/de\/\"},{\"@type\":\"ListItem\",\"position\":2,\"name\":\"Shop\",\"item\":\"https:\/\/www.naelucare.com\/de\/shop\/\"},{\"@type\":\"ListItem\",\"position\":3,\"name\":\"N\u00c6|LU SUN LSF 50\"}]},{\"@type\":\"WebSite\",\"@id\":\"https:\/\/www.naelucare.com\/de\/#website\",\"url\":\"https:\/\/www.naelucare.com\/de\/\",\"name\":\"Naelu\",\"description\":\"cosmetic developed from active, for active women\",\"publisher\":{\"@id\":\"https:\/\/www.naelucare.com\/de\/#organization\"},\"potentialAction\":[{\"@type\":\"SearchAction\",\"target\":{\"@type\":\"EntryPoint\",\"urlTemplate\":\"https:\/\/www.naelucare.com\/de\/?s={search_term_string}\"},\"query-input\":{\"@type\":\"PropertyValueSpecification\",\"valueRequired\":true,\"valueName\":\"search_term_string\"}}],\"inLanguage\":\"de\"},{\"@type\":\"Organization\",\"@id\":\"https:\/\/www.naelucare.com\/de\/#organization\",\"name\":\"Naelu\",\"url\":\"https:\/\/www.naelucare.com\/de\/\",\"logo\":{\"@type\":\"ImageObject\",\"inLanguage\":\"de\",\"@id\":\"https:\/\/www.naelucare.com\/de\/#\/schema\/logo\/image\/\",\"url\":\"https:\/\/www.naelucare.com\/wp-content\/uploads\/2023\/01\/2212_NAELU_logo-black.png\",\"contentUrl\":\"https:\/\/www.naelucare.com\/wp-content\/uploads\/2023\/01\/2212_NAELU_logo-black.png\",\"width\":2084,\"height\":586,\"caption\":\"Naelu\"},\"image\":{\"@id\":\"https:\/\/www.naelucare.com\/de\/#\/schema\/logo\/image\/\"},\"sameAs\":[\"https:\/\/www.instagram.com\/naelucare\/\"]}]}<\/script>\n<!-- \/ Yoast SEO plugin. -->","yoast_head_json":{"title":"N\u00c6|LU SUN LSF 50 - Naelucare","robots":{"index":"index","follow":"follow","max-snippet":"max-snippet:-1","max-image-preview":"max-image-preview:large","max-video-preview":"max-video-preview:-1"},"canonical":"https:\/\/www.naelucare.com\/de\/produkt\/naelu-sonne-spf-50\/","og_locale":"de_DE","og_type":"article","og_title":"N\u00c6|LU SUN LSF 50 - Naelucare","og_description":"SPF 50 - HOHER SCHUTZ LEICHTE TEXTUR WASSERBEST\u00c4NDIG REEF- SAFE VEGAN MADE IN SWITZERLAND Gr\u00f6\u00dfe: 50ml","og_url":"https:\/\/www.naelucare.com\/de\/produkt\/naelu-sonne-spf-50\/","og_site_name":"Naelucare","article_modified_time":"2025-09-26T07:49:51+00:00","og_image":[{"width":1000,"height":1000,"url":"https:\/\/www.naelucare.com\/wp-content\/uploads\/2023\/01\/NAELU-SUN-front.jpg","type":"image\/jpeg"}],"schema":{"@context":"https:\/\/schema.org","@graph":[{"@type":"WebPage","@id":"https:\/\/www.naelucare.com\/de\/produkt\/naelu-sonne-spf-50\/","url":"https:\/\/www.naelucare.com\/de\/produkt\/naelu-sonne-spf-50\/","name":"N\u00c6|LU SUN LSF 50 - Naelucare","isPartOf":{"@id":"https:\/\/www.naelucare.com\/de\/#website"},"primaryImageOfPage":{"@id":"https:\/\/www.naelucare.com\/de\/produkt\/naelu-sonne-spf-50\/#primaryimage"},"image":{"@id":"https:\/\/www.naelucare.com\/de\/produkt\/naelu-sonne-spf-50\/#primaryimage"},"thumbnailUrl":"https:\/\/www.naelucare.com\/wp-content\/uploads\/2023\/01\/NAELU-SUN-front.jpg","datePublished":"2023-01-26T11:14:42+00:00","dateModified":"2025-09-26T07:49:51+00:00","breadcrumb":{"@id":"https:\/\/www.naelucare.com\/de\/produkt\/naelu-sonne-spf-50\/#breadcrumb"},"inLanguage":"de","potentialAction":[{"@type":"ReadAction","target":["https:\/\/www.naelucare.com\/de\/produkt\/naelu-sonne-spf-50\/"]}]},{"@type":"ImageObject","inLanguage":"de","@id":"https:\/\/www.naelucare.com\/de\/produkt\/naelu-sonne-spf-50\/#primaryimage","url":"https:\/\/www.naelucare.com\/wp-content\/uploads\/2023\/01\/NAELU-SUN-front.jpg","contentUrl":"https:\/\/www.naelucare.com\/wp-content\/uploads\/2023\/01\/NAELU-SUN-front.jpg","width":1000,"height":1000},{"@type":"BreadcrumbList","@id":"https:\/\/www.naelucare.com\/de\/produkt\/naelu-sonne-spf-50\/#breadcrumb","itemListElement":[{"@type":"ListItem","position":1,"name":"Home","item":"https:\/\/www.naelucare.com\/de\/"},{"@type":"ListItem","position":2,"name":"Shop","item":"https:\/\/www.naelucare.com\/de\/shop\/"},{"@type":"ListItem","position":3,"name":"N\u00c6|LU SUN LSF 50"}]},{"@type":"WebSite","@id":"https:\/\/www.naelucare.com\/de\/#website","url":"https:\/\/www.naelucare.com\/de\/","name":"Naelu","description":"cosmetic developed from active, for active women","publisher":{"@id":"https:\/\/www.naelucare.com\/de\/#organization"},"potentialAction":[{"@type":"SearchAction","target":{"@type":"EntryPoint","urlTemplate":"https:\/\/www.naelucare.com\/de\/?s={search_term_string}"},"query-input":{"@type":"PropertyValueSpecification","valueRequired":true,"valueName":"search_term_string"}}],"inLanguage":"de"},{"@type":"Organization","@id":"https:\/\/www.naelucare.com\/de\/#organization","name":"Naelu","url":"https:\/\/www.naelucare.com\/de\/","logo":{"@type":"ImageObject","inLanguage":"de","@id":"https:\/\/www.naelucare.com\/de\/#\/schema\/logo\/image\/","url":"https:\/\/www.naelucare.com\/wp-content\/uploads\/2023\/01\/2212_NAELU_logo-black.png","contentUrl":"https:\/\/www.naelucare.com\/wp-content\/uploads\/2023\/01\/2212_NAELU_logo-black.png","width":2084,"height":586,"caption":"Naelu"},"image":{"@id":"https:\/\/www.naelucare.com\/de\/#\/schema\/logo\/image\/"},"sameAs":["https:\/\/www.instagram.com\/naelucare\/"]}]}},"_links":{"self":[{"href":"https:\/\/www.naelucare.com\/de\/wp-json\/wp\/v2\/product\/1711","targetHints":{"allow":["GET"]}}],"collection":[{"href":"https:\/\/www.naelucare.com\/de\/wp-json\/wp\/v2\/product"}],"about":[{"href":"https:\/\/www.naelucare.com\/de\/wp-json\/wp\/v2\/types\/product"}],"replies":[{"embeddable":true,"href":"https:\/\/www.naelucare.com\/de\/wp-json\/wp\/v2\/comments?post=1711"}],"version-history":[{"count":9,"href":"https:\/\/www.naelucare.com\/de\/wp-json\/wp\/v2\/product\/1711\/revisions"}],"predecessor-version":[{"id":1891,"href":"https:\/\/www.naelucare.com\/de\/wp-json\/wp\/v2\/product\/1711\/revisions\/1891"}],"wp:featuredmedia":[{"embeddable":true,"href":"https:\/\/www.naelucare.com\/de\/wp-json\/wp\/v2\/media\/1456"}],"wp:attachment":[{"href":"https:\/\/www.naelucare.com\/de\/wp-json\/wp\/v2\/media?parent=1711"}],"wp:term":[{"taxonomy":"product_brand","embeddable":true,"href":"https:\/\/www.naelucare.com\/de\/wp-json\/wp\/v2\/product_brand?post=1711"},{"taxonomy":"product_cat","embeddable":true,"href":"https:\/\/www.naelucare.com\/de\/wp-json\/wp\/v2\/product_cat?post=1711"},{"taxonomy":"product_tag","embeddable":true,"href":"https:\/\/www.naelucare.com\/de\/wp-json\/wp\/v2\/product_tag?post=1711"}],"curies":[{"name":"wp","href":"https:\/\/api.w.org\/{rel}","templated":true}]}}