{"id":1707,"date":"2023-01-26T13:30:00","date_gmt":"2023-01-26T11:30:00","guid":{"rendered":"https:\/\/www.naelucare.com\/produkt\/naelu-revive\/"},"modified":"2025-04-22T14:13:58","modified_gmt":"2025-04-22T12:13:58","slug":"naelu-revive","status":"publish","type":"product","link":"https:\/\/www.naelucare.com\/de\/produkt\/naelu-revive\/","title":{"rendered":"N\u00c6|LU REVIVE"},"content":{"rendered":"<div class=\"wpb-content-wrapper\"><p>[vc_row el_class=&#8220;product-bg-revive&#8220; css=&#8220;.vc_custom_1713370838899{margin-bottom: 2rem !important;padding-top: 2rem !important;padding-bottom: 2rem !important;}&#8220;][vc_column][vc_tta_accordion shape=&#8220;square&#8220; active_section=&#8220;1&#8243; no_fill=&#8220;true&#8220; collapsible_all=&#8220;true&#8220;][vc_tta_section title=&#8220;Infos&#8220; tab_id=&#8220;1683050076260-593c0c01-1c99&#8243;][vc_row_inner][vc_column_inner width=&#8220;1\/2&#8243;][vc_column_text]N\u00c6 | LU REVIVE ist eine kraftvolle, nicht klebende Formulierung, die deine Haut dabei unterst\u00fctzt, sich nach einem aktiven Tag im Freien zu regenerieren.<br \/>\nNachdem ich erkannt habe, dass ich nicht j\u00fcnger werde und dass es einen Zusammenhang zwischen dem st\u00e4ndigen Pflegebedarf meiner Haut und der Anzahl der Kosmetiktuben gibt, die ich um den Globus trage, war es an der Zeit, ein Produkt f\u00fcr die Nachwirkungen unserer t\u00e4glichen Missionen zu entwickeln. REVIVE vereint alle Bed\u00fcrfnisse unserer Haut in einer Tube und erf\u00fcllt nat\u00fcrlich alle unsere ethischen Anforderungen. Da wir uns im Freien aufhalten und st\u00e4ndig Umweltbelastungen ausgesetzt sind, braucht unsere Haut besondere Pflege, um sich zu erholen. N\u00c6 | LU REVIVE wurde entwickelt, um Ihre Haut nach einem ganzen Tag im Freien wieder ins Gleichgewicht zu bringen.[\/vc_column_text][\/vc_column_inner][vc_column_inner width=&#8220;1\/2&#8243;][vc_column_text]Zu den erlesenen Inhaltsstoffen geh\u00f6rt LipobelleTM Pino C, ein Phyto-Komplex mit eingekapseltem CBD in Kombination mit einem Zirbenextrakt und einer Mischung aus nat\u00fcrlichen Bio-Pflanzen\u00f6len. Die Zirbelkiefer ist bekannt f\u00fcr ihren hohen Gehalt an dem Molek\u00fcl Pinosylvin, einem Stilbenoid, das Entz\u00fcndungen lindert und freie Radikale neutralisiert. Dies hilft, Ihre Haut wieder ins Gleichgewicht zu bringen und sorgt f\u00fcr ein geschmeidiges Gef\u00fchl.<\/p>\n<p>Erlebe die transformative Kraft von N\u00c6 | LU REVIVE und gebe deiner Haut die Pflege, die sie verdient. Genie\u00dfe dein aktives Leben voller Zuversicht, denn N\u00c6 | LU ist immer an deiner Seite.[\/vc_column_text][\/vc_column_inner][\/vc_row_inner][\/vc_tta_section][vc_tta_section title=&#8220;Vorteile&#8220; tab_id=&#8220;1684165047281-2e6bd6c4-1846&#8243;][vc_row_inner][vc_column_inner width=&#8220;1\/2&#8243;][vc_column_text]<\/p>\n<ul>\n<li>Lipobelle\u2122 Pino C: Ein spezieller Phyto-Komplex, der eingekapseltes CBD (Cannabidiol) enth\u00e4lt. Diese Kombination wirkt synergetisch und verst\u00e4rkt bei der Anwendung die entz\u00fcndungshemmende und regenerierende Wirkung von CBD. Mit diesem Inhaltsstoff geht N\u00c6 | LU \u00fcber die Standard-Hautpflege hinaus und bietet fortschrittliche Vorteile zur Unterst\u00fctzung der Regeneration und des allgemeinen Wohlbefindens Ihrer Haut<\/li>\n<li>Hyalurons\u00e4ure mit niedrigem Molekulargewicht: Verbessert den Feuchtigkeitsgehalt der Haut, spendet lang anhaltende Feuchtigkeit<\/li>\n<\/ul>\n<p>[\/vc_column_text][\/vc_column_inner][vc_column_inner width=&#8220;1\/2&#8243;][vc_column_text]<\/p>\n<ul>\n<li>Pflanzliche Formulierung mit Bio-Cupuacu-Butter zur Wiederherstellung der Elastizit\u00e4t, erg\u00e4nzt durch zertifizierte Bio-Inhaltsstoffe wie Aloe Vera Saft, Kokosnuss\u00f6l und Jojoba\u00f6l, die harmonisch zusammenwirken, um Ihre Haut zu beruhigen, zu hydratisieren und mit wichtigen Mineralien zu versorgen<\/li>\n<li>Ethisch und sicher: Grausamkeitsfrei, frei von sch\u00e4dlichen Inhaltsstoffen<\/li>\n<\/ul>\n<p>[\/vc_column_text][\/vc_column_inner][\/vc_row_inner][\/vc_tta_section][vc_tta_section title=&#8220;Zutaten&#8220; tab_id=&#8220;1683050103158-47b25859-766c&#8220;][vc_row_inner equal_height=&#8220;yes&#8220; rtl_reverse=&#8220;yes&#8220;][vc_column_inner width=&#8220;1\/2&#8243;][vc_column_text]Aqua (Water), Pentylene Glycol, Simmondsia Chinensis (Jojoba) Seed Oil*, Cocos Nucifera (Coconut) Oil*, Isoamyl Laurate, C15-19 Alkane***, Glycerin, Citrusm Aurantifolia (Lime) Fruit Water*, Theobroma Grandiflorum Seed Butter*, Rhus Verniciflua Peel Cera\/Rhus Succedanea Fruit Cera, Glyceryl Stearate, Oryza Sativa (Reis) Hull Powder, Cucumis Sativus (Gurke) Seed Oil*, Cannabis Sativa Seed Oil*, Cannabis Sativa Leaf Extract, Aloe Barbadensis Leaf Juice*, Pinus Cembra Wood Extract, Magnolia Officinalis Bark Extract, Biosaccharide Gum-1, Sodium Hyaluronate, Tocopherol, Mentha Piperita (Peppermint) Leaf Extract, Ziniber Officinale (Ginger) Root Extract, Helianthus Annuus (Sunflower) Seed Oil, Leuconostoc\/Radish Root Ferment Filtrate, Rosmarinus Officinalis (Rosemary) Leaf Extract, Hydrolysiertes pflanzliches Eiwei\u00df, Natriumstearoylglutamat, Cetearylalkohol, Maltodextrin, Natriumcitrat, Magnesiumstearat, Levulins\u00e4ure, Zitronens\u00e4ure, Xanthangummi, Natriumlevulinat, Lecithin, Parfum (Duft)**, Citronellol, Limonene**, Linalool**<\/p>\n<p style=\"font-weight: 400; text-align: left;\">* Zutaten aus kontrolliert biologischem Anbau<br \/>\n** aus nat\u00fcrlichen \u00e4therischen \u00d6len<br \/>\n*** pflanzenbasiert &amp; erneuerbar[\/vc_column_text][\/vc_column_inner][vc_column_inner width=&#8220;1\/2&#8243;][vc_single_image image=&#8220;358&#8243; img_size=&#8220;large&#8220; alignment=&#8220;center&#8220;][\/vc_column_inner][\/vc_row_inner][\/vc_tta_section][vc_tta_section title=&#8220;WIE BENUTZEN&#8220; tab_id=&#8220;1683741521249-c9e2f7c4-1d75&#8243;][vc_row_inner][vc_column_inner][vc_column_text]Gleichm\u00e4\u00dfig auf die gereinigte Haut auftragen und sanft einmassieren. Nur zur \u00e4u\u00dferlichen Anwendung auf der Haut.<br \/>\nL\u00e4sst sich leicht verteilen und zieht schnell ein, ohne Spuren zu hinterlassen. Ein schmieriger Anfall. Vermeiden Sie direkten Kontakt mit Augen und Mund.[\/vc_column_text][\/vc_column_inner][\/vc_row_inner][\/vc_tta_section][\/vc_tta_accordion][\/vc_column][\/vc_row][vc_row css=&#8220;.vc_custom_1684957159726{margin-top: 3rem !important;}&#8220; el_class=&#8220;kill&#8211;padding-bottoms&#8220;][vc_column][vc_row_inner equal_height=&#8220;yes&#8220; rtl_reverse=&#8220;yes&#8220;][vc_column_inner width=&#8220;1\/2&#8243;][vc_single_image image=&#8220;1440&#8243; img_size=&#8220;500&#215;500&#8243; alignment=&#8220;center&#8220;][\/vc_column_inner][vc_column_inner width=&#8220;1\/2&#8243;][vc_single_image image=&#8220;1437&#8243; img_size=&#8220;500&#215;500&#8243; alignment=&#8220;center&#8220;][\/vc_column_inner][\/vc_row_inner][vc_row_inner equal_height=&#8220;yes&#8220;][vc_column_inner width=&#8220;1\/2&#8243;][vc_single_image image=&#8220;760&#8243; img_size=&#8220;500&#215;500&#8243; alignment=&#8220;center&#8220;][\/vc_column_inner][vc_column_inner width=&#8220;1\/2&#8243;][vc_single_image image=&#8220;1443&#8243; img_size=&#8220;500&#215;500&#8243; alignment=&#8220;center&#8220;][\/vc_column_inner][\/vc_row_inner][\/vc_column][\/vc_row]<\/p>\n<\/div>","protected":false},"excerpt":{"rendered":"<p>KOMPLEXE PHYTO-FORMEL MIT CBD<br \/>\nLEICHTE, BERUHIGENDE TEXTUR<br \/>\nRECHARGE NACH DER EXPOSITION<br \/>\nVEGAN<br \/>\nMADE IN SWITZERLAND<br \/>\n<small>Gr\u00f6\u00dfe: 50ml<\/small><\/p>\n","protected":false},"featured_media":1459,"comment_status":"closed","ping_status":"closed","template":"","meta":{"footnotes":""},"product_brand":[],"product_cat":[108],"product_tag":[],"class_list":{"0":"post-1707","1":"product","2":"type-product","3":"status-publish","4":"has-post-thumbnail","6":"product_cat-hautpflege","7":"product_shipping_class-warenpost-de","9":"first","10":"instock","11":"taxable","12":"shipping-taxable","13":"purchasable","14":"product-type-simple"},"yoast_head":"<!-- This site is optimized with the Yoast SEO plugin v26.8 - https:\/\/yoast.com\/product\/yoast-seo-wordpress\/ -->\n<title>N\u00c6|LU REVIVE - Naelucare<\/title>\n<meta name=\"robots\" content=\"index, follow, max-snippet:-1, max-image-preview:large, max-video-preview:-1\" \/>\n<link rel=\"canonical\" href=\"https:\/\/www.naelucare.com\/de\/produkt\/naelu-revive\/\" \/>\n<meta property=\"og:locale\" content=\"de_DE\" \/>\n<meta property=\"og:type\" content=\"article\" \/>\n<meta property=\"og:title\" content=\"N\u00c6|LU REVIVE - Naelucare\" \/>\n<meta property=\"og:description\" content=\"KOMPLEXE PHYTO-FORMEL MIT CBD LEICHTE, BERUHIGENDE TEXTUR RECHARGE NACH DER EXPOSITION VEGAN MADE IN SWITZERLAND Gr\u00f6\u00dfe: 50ml\" \/>\n<meta property=\"og:url\" content=\"https:\/\/www.naelucare.com\/de\/produkt\/naelu-revive\/\" \/>\n<meta property=\"og:site_name\" content=\"Naelucare\" \/>\n<meta property=\"article:modified_time\" content=\"2025-04-22T12:13:58+00:00\" \/>\n<meta property=\"og:image\" content=\"https:\/\/www.naelucare.com\/wp-content\/uploads\/2023\/01\/NAELU-revive-front.jpg\" \/>\n\t<meta property=\"og:image:width\" content=\"1000\" \/>\n\t<meta property=\"og:image:height\" content=\"1000\" \/>\n\t<meta property=\"og:image:type\" content=\"image\/jpeg\" \/>\n<script type=\"application\/ld+json\" class=\"yoast-schema-graph\">{\"@context\":\"https:\/\/schema.org\",\"@graph\":[{\"@type\":\"WebPage\",\"@id\":\"https:\/\/www.naelucare.com\/de\/produkt\/naelu-revive\/\",\"url\":\"https:\/\/www.naelucare.com\/de\/produkt\/naelu-revive\/\",\"name\":\"N\u00c6|LU REVIVE - Naelucare\",\"isPartOf\":{\"@id\":\"https:\/\/www.naelucare.com\/de\/#website\"},\"primaryImageOfPage\":{\"@id\":\"https:\/\/www.naelucare.com\/de\/produkt\/naelu-revive\/#primaryimage\"},\"image\":{\"@id\":\"https:\/\/www.naelucare.com\/de\/produkt\/naelu-revive\/#primaryimage\"},\"thumbnailUrl\":\"https:\/\/www.naelucare.com\/wp-content\/uploads\/2023\/01\/NAELU-revive-front.jpg\",\"datePublished\":\"2023-01-26T11:30:00+00:00\",\"dateModified\":\"2025-04-22T12:13:58+00:00\",\"breadcrumb\":{\"@id\":\"https:\/\/www.naelucare.com\/de\/produkt\/naelu-revive\/#breadcrumb\"},\"inLanguage\":\"de\",\"potentialAction\":[{\"@type\":\"ReadAction\",\"target\":[\"https:\/\/www.naelucare.com\/de\/produkt\/naelu-revive\/\"]}]},{\"@type\":\"ImageObject\",\"inLanguage\":\"de\",\"@id\":\"https:\/\/www.naelucare.com\/de\/produkt\/naelu-revive\/#primaryimage\",\"url\":\"https:\/\/www.naelucare.com\/wp-content\/uploads\/2023\/01\/NAELU-revive-front.jpg\",\"contentUrl\":\"https:\/\/www.naelucare.com\/wp-content\/uploads\/2023\/01\/NAELU-revive-front.jpg\",\"width\":1000,\"height\":1000},{\"@type\":\"BreadcrumbList\",\"@id\":\"https:\/\/www.naelucare.com\/de\/produkt\/naelu-revive\/#breadcrumb\",\"itemListElement\":[{\"@type\":\"ListItem\",\"position\":1,\"name\":\"Home\",\"item\":\"https:\/\/www.naelucare.com\/de\/\"},{\"@type\":\"ListItem\",\"position\":2,\"name\":\"Shop\",\"item\":\"https:\/\/www.naelucare.com\/de\/shop\/\"},{\"@type\":\"ListItem\",\"position\":3,\"name\":\"N\u00c6|LU REVIVE\"}]},{\"@type\":\"WebSite\",\"@id\":\"https:\/\/www.naelucare.com\/de\/#website\",\"url\":\"https:\/\/www.naelucare.com\/de\/\",\"name\":\"Naelu\",\"description\":\"cosmetic developed from active, for active women\",\"publisher\":{\"@id\":\"https:\/\/www.naelucare.com\/de\/#organization\"},\"potentialAction\":[{\"@type\":\"SearchAction\",\"target\":{\"@type\":\"EntryPoint\",\"urlTemplate\":\"https:\/\/www.naelucare.com\/de\/?s={search_term_string}\"},\"query-input\":{\"@type\":\"PropertyValueSpecification\",\"valueRequired\":true,\"valueName\":\"search_term_string\"}}],\"inLanguage\":\"de\"},{\"@type\":\"Organization\",\"@id\":\"https:\/\/www.naelucare.com\/de\/#organization\",\"name\":\"Naelu\",\"url\":\"https:\/\/www.naelucare.com\/de\/\",\"logo\":{\"@type\":\"ImageObject\",\"inLanguage\":\"de\",\"@id\":\"https:\/\/www.naelucare.com\/de\/#\/schema\/logo\/image\/\",\"url\":\"https:\/\/www.naelucare.com\/wp-content\/uploads\/2023\/01\/2212_NAELU_logo-black.png\",\"contentUrl\":\"https:\/\/www.naelucare.com\/wp-content\/uploads\/2023\/01\/2212_NAELU_logo-black.png\",\"width\":2084,\"height\":586,\"caption\":\"Naelu\"},\"image\":{\"@id\":\"https:\/\/www.naelucare.com\/de\/#\/schema\/logo\/image\/\"},\"sameAs\":[\"https:\/\/www.instagram.com\/naelucare\/\"]}]}<\/script>\n<!-- \/ Yoast SEO plugin. -->","yoast_head_json":{"title":"N\u00c6|LU REVIVE - Naelucare","robots":{"index":"index","follow":"follow","max-snippet":"max-snippet:-1","max-image-preview":"max-image-preview:large","max-video-preview":"max-video-preview:-1"},"canonical":"https:\/\/www.naelucare.com\/de\/produkt\/naelu-revive\/","og_locale":"de_DE","og_type":"article","og_title":"N\u00c6|LU REVIVE - Naelucare","og_description":"KOMPLEXE PHYTO-FORMEL MIT CBD LEICHTE, BERUHIGENDE TEXTUR RECHARGE NACH DER EXPOSITION VEGAN MADE IN SWITZERLAND Gr\u00f6\u00dfe: 50ml","og_url":"https:\/\/www.naelucare.com\/de\/produkt\/naelu-revive\/","og_site_name":"Naelucare","article_modified_time":"2025-04-22T12:13:58+00:00","og_image":[{"width":1000,"height":1000,"url":"https:\/\/www.naelucare.com\/wp-content\/uploads\/2023\/01\/NAELU-revive-front.jpg","type":"image\/jpeg"}],"schema":{"@context":"https:\/\/schema.org","@graph":[{"@type":"WebPage","@id":"https:\/\/www.naelucare.com\/de\/produkt\/naelu-revive\/","url":"https:\/\/www.naelucare.com\/de\/produkt\/naelu-revive\/","name":"N\u00c6|LU REVIVE - Naelucare","isPartOf":{"@id":"https:\/\/www.naelucare.com\/de\/#website"},"primaryImageOfPage":{"@id":"https:\/\/www.naelucare.com\/de\/produkt\/naelu-revive\/#primaryimage"},"image":{"@id":"https:\/\/www.naelucare.com\/de\/produkt\/naelu-revive\/#primaryimage"},"thumbnailUrl":"https:\/\/www.naelucare.com\/wp-content\/uploads\/2023\/01\/NAELU-revive-front.jpg","datePublished":"2023-01-26T11:30:00+00:00","dateModified":"2025-04-22T12:13:58+00:00","breadcrumb":{"@id":"https:\/\/www.naelucare.com\/de\/produkt\/naelu-revive\/#breadcrumb"},"inLanguage":"de","potentialAction":[{"@type":"ReadAction","target":["https:\/\/www.naelucare.com\/de\/produkt\/naelu-revive\/"]}]},{"@type":"ImageObject","inLanguage":"de","@id":"https:\/\/www.naelucare.com\/de\/produkt\/naelu-revive\/#primaryimage","url":"https:\/\/www.naelucare.com\/wp-content\/uploads\/2023\/01\/NAELU-revive-front.jpg","contentUrl":"https:\/\/www.naelucare.com\/wp-content\/uploads\/2023\/01\/NAELU-revive-front.jpg","width":1000,"height":1000},{"@type":"BreadcrumbList","@id":"https:\/\/www.naelucare.com\/de\/produkt\/naelu-revive\/#breadcrumb","itemListElement":[{"@type":"ListItem","position":1,"name":"Home","item":"https:\/\/www.naelucare.com\/de\/"},{"@type":"ListItem","position":2,"name":"Shop","item":"https:\/\/www.naelucare.com\/de\/shop\/"},{"@type":"ListItem","position":3,"name":"N\u00c6|LU REVIVE"}]},{"@type":"WebSite","@id":"https:\/\/www.naelucare.com\/de\/#website","url":"https:\/\/www.naelucare.com\/de\/","name":"Naelu","description":"cosmetic developed from active, for active women","publisher":{"@id":"https:\/\/www.naelucare.com\/de\/#organization"},"potentialAction":[{"@type":"SearchAction","target":{"@type":"EntryPoint","urlTemplate":"https:\/\/www.naelucare.com\/de\/?s={search_term_string}"},"query-input":{"@type":"PropertyValueSpecification","valueRequired":true,"valueName":"search_term_string"}}],"inLanguage":"de"},{"@type":"Organization","@id":"https:\/\/www.naelucare.com\/de\/#organization","name":"Naelu","url":"https:\/\/www.naelucare.com\/de\/","logo":{"@type":"ImageObject","inLanguage":"de","@id":"https:\/\/www.naelucare.com\/de\/#\/schema\/logo\/image\/","url":"https:\/\/www.naelucare.com\/wp-content\/uploads\/2023\/01\/2212_NAELU_logo-black.png","contentUrl":"https:\/\/www.naelucare.com\/wp-content\/uploads\/2023\/01\/2212_NAELU_logo-black.png","width":2084,"height":586,"caption":"Naelu"},"image":{"@id":"https:\/\/www.naelucare.com\/de\/#\/schema\/logo\/image\/"},"sameAs":["https:\/\/www.instagram.com\/naelucare\/"]}]}},"_links":{"self":[{"href":"https:\/\/www.naelucare.com\/de\/wp-json\/wp\/v2\/product\/1707","targetHints":{"allow":["GET"]}}],"collection":[{"href":"https:\/\/www.naelucare.com\/de\/wp-json\/wp\/v2\/product"}],"about":[{"href":"https:\/\/www.naelucare.com\/de\/wp-json\/wp\/v2\/types\/product"}],"replies":[{"embeddable":true,"href":"https:\/\/www.naelucare.com\/de\/wp-json\/wp\/v2\/comments?post=1707"}],"version-history":[{"count":14,"href":"https:\/\/www.naelucare.com\/de\/wp-json\/wp\/v2\/product\/1707\/revisions"}],"predecessor-version":[{"id":1890,"href":"https:\/\/www.naelucare.com\/de\/wp-json\/wp\/v2\/product\/1707\/revisions\/1890"}],"wp:featuredmedia":[{"embeddable":true,"href":"https:\/\/www.naelucare.com\/de\/wp-json\/wp\/v2\/media\/1459"}],"wp:attachment":[{"href":"https:\/\/www.naelucare.com\/de\/wp-json\/wp\/v2\/media?parent=1707"}],"wp:term":[{"taxonomy":"product_brand","embeddable":true,"href":"https:\/\/www.naelucare.com\/de\/wp-json\/wp\/v2\/product_brand?post=1707"},{"taxonomy":"product_cat","embeddable":true,"href":"https:\/\/www.naelucare.com\/de\/wp-json\/wp\/v2\/product_cat?post=1707"},{"taxonomy":"product_tag","embeddable":true,"href":"https:\/\/www.naelucare.com\/de\/wp-json\/wp\/v2\/product_tag?post=1707"}],"curies":[{"name":"wp","href":"https:\/\/api.w.org\/{rel}","templated":true}]}}