{"id":1688,"date":"2023-01-26T13:01:17","date_gmt":"2023-01-26T11:01:17","guid":{"rendered":"https:\/\/www.naelucare.com\/startseite\/"},"modified":"2024-12-13T14:49:16","modified_gmt":"2024-12-13T12:49:16","slug":"startseite","status":"publish","type":"page","link":"https:\/\/www.naelucare.com\/de\/","title":{"rendered":"Startseite"},"content":{"rendered":"<div class=\"wpb-content-wrapper\"><p>[vc_row full_width=&#8220;stretch_row&#8220; gap=&#8220;30&#8243; equal_height=&#8220;yes&#8220; content_placement=&#8220;middle&#8220; css_animation=&#8220;fadeIn&#8220; css=&#8220;.vc_custom_1712908352086{padding-top: 16rem !important;padding-bottom: 16rem !important;background-image: url(https:\/\/www.naelucare.com\/wp-content\/uploads\/2024\/04\/Design-ohne-Titel.jpg?id=1353) !important;background-position: center !important;background-repeat: no-repeat !important;background-size: cover !important;}&#8220;][vc_column][vc_custom_heading text=&#8220;Endlich Kosmetik, f\u00fcr mein aktives Leben!&#8220; font_container=&#8220;tag:h4|font_size:3rem|text_align:center|color:%23000000|line_height:3.5rem&#8220; use_theme_fonts=&#8220;yes&#8220; css_animation=&#8220;none&#8220;][vc_btn title=&#8220;CHECK OUT&#8220; style=&#8220;outline-custom&#8220; outline_custom_color=&#8220;#31d6cb&#8220; outline_custom_hover_background=&#8220;#00b8bf&#8220; outline_custom_hover_text=&#8220;#ffffff&#8220; size=&#8220;lg&#8220; align=&#8220;center&#8220; link=&#8220;url:https%3A%2F%2Fwww.naelucare.com%2Fde%2Fshop-2%2F|title:Shop|&#8220;][\/vc_column][\/vc_row][vc_row full_width=&#8220;stretch_row&#8220; content_placement=&#8220;middle&#8220; el_class=&#8220;bg&#8211;light-gray&#8220; css=&#8220;.vc_custom_1683037095259{padding-top: 2rem !important;padding-bottom: 2rem !important;}&#8220;][vc_column][vc_column_text]<\/p>\n<h1 style=\"text-align: center;\">#WEARENAELU<\/h1>\n<h4 style=\"text-align: center;\">eine Kosmetikmarke, die speziell von aktiven Frauen f\u00fcr aktive Frauen entwickelt wurde. Unsere Rezepturen sind speziell auf die besonderen Bed\u00fcrfnisse von Frauen mit einem aktiven Lebensstil abgestimmt und bieten optimalen Schutz und Pflege f\u00fcr deine Haut.<\/h4>\n<p>[\/vc_column_text][\/vc_column][\/vc_row][vc_row full_width=&#8220;stretch_row&#8220; content_placement=&#8220;middle&#8220; el_class=&#8220;bg&#8211;light-gray&#8220; css=&#8220;.vc_custom_1683037095259{padding-top: 2rem !important;padding-bottom: 2rem !important;}&#8220;][vc_column][\/vc_column][\/vc_row][vc_row gap=&#8220;35&#8243; equal_height=&#8220;yes&#8220; css=&#8220;.vc_custom_1674813595945{margin-top: 5rem !important;margin-bottom: 5rem !important;}&#8220;][vc_column width=&#8220;1\/2&#8243;][vc_single_image image=&#8220;83&#8243; img_size=&#8220;485&#215;485&#8243; onclick=&#8220;custom_link&#8220; css_animation=&#8220;fadeIn&#8220; link=&#8220;\/produkt\/nae-lu-sun-spf-50\/&#8220;][vc_column_text]<\/p>\n<h2><strong>SUN <\/strong> LSF 50<\/h2>\n<h4>SONNENCREME MIT HOHEM SCHUTZ<\/h4>\n<p>[\/vc_column_text][vc_btn title=&#8220;Details&#8220; style=&#8220;flat&#8220; color=&#8220;black&#8220; size=&#8220;lg&#8220; align=&#8220;center&#8220; button_block=&#8220;true&#8220; link=&#8220;url:https%3A%2F%2Fwww.naelucare.com%2Fprodukt%2Fnae-lu-sun-spf-50%2F|title:N%C3%86%20%7C%20LU%20SUN%20SPF%2050|&#8220;][\/vc_column][vc_column width=&#8220;1\/2&#8243;][vc_single_image image=&#8220;157&#8243; img_size=&#8220;485&#215;485&#8243; onclick=&#8220;custom_link&#8220; css_animation=&#8220;fadeIn&#8220; link=&#8220;\/produkt\/nae-lu-revive\/&#8220;][vc_column_text]<\/p>\n<h2><strong>REVIVE<\/strong><\/h2>\n<h4>REGENERIERENDE GESICHTSCREME<\/h4>\n<p>[\/vc_column_text][vc_btn title=&#8220;Details&#8220; style=&#8220;flat&#8220; color=&#8220;black&#8220; size=&#8220;lg&#8220; align=&#8220;center&#8220; button_block=&#8220;true&#8220; link=&#8220;url:https%3A%2F%2Fwww.naelucare.com%2Fprodukt%2Fnae-lu-revive%2F|title:N%C3%86%20%7C%20LU%20SUN%20SPF%2050|&#8220;][\/vc_column][\/vc_row][vc_row full_width=&#8220;stretch_row&#8220; equal_height=&#8220;yes&#8220; content_placement=&#8220;top&#8220; css=&#8220;.vc_custom_1712908873177{padding-top: 15rem !important;padding-bottom: 15rem !important;background-image: url(https:\/\/www.naelucare.com\/wp-content\/uploads\/2024\/04\/Design-ohne-Titel-1.jpg?id=1355) !important;background-position: center !important;background-repeat: no-repeat !important;background-size: cover !important;}&#8220;][vc_column][vc_column_text]<\/p>\n<h1 style=\"text-align: left;\">Unser Ziel<\/h1>\n<h4 style=\"text-align: left;\">ist es, die Hautpflegeroutine f\u00fcr aktive Frauen zu vereinfachen und gleichzeitig eine wirksame und sichere L\u00f6sung zu bieten, die h\u00f6chsten Anspr\u00fcchen gerecht wird. Unsere Produkte werden sorgf\u00e4ltig mit nat\u00fcrlichen Inhaltsstoffen entwickelt und sind speziell auf die Bed\u00fcrfnisse der weiblichen Haut abgestimmt, die extremen Bedingungen ausgesetzt ist. Unser Ziel ist es, dass sich Frauen selbstbewusst, gesch\u00fctzt und sch\u00f6n in ihrer eigenen Haut f\u00fchlen.<\/h4>\n<p>[\/vc_column_text][\/vc_column][\/vc_row][vc_row content_placement=&#8220;top&#8220; css=&#8220;.vc_custom_1684176375546{margin-top: 0px !important;margin-bottom: 3rem !important;}&#8220; el_class=&#8220;square-teaser-text kill&#8211;inner&#8211;padding-top&#8220;][vc_column][vc_row_inner equal_height=&#8220;yes&#8220; rtl_reverse=&#8220;yes&#8220; content_placement=&#8220;middle&#8220;][vc_column_inner el_class=&#8220;bg&#8211;light-gray teaser-big-text&#8220; width=&#8220;1\/2&#8243;][vc_column_text css=&#8220;&#8220;]<\/p>\n<h2 id=\"tw-target-text\" class=\"tw-data-text tw-text-large tw-ta\" dir=\"ltr\" data-placeholder=\"\u00dcbersetzung\">Aktive Frau der Woche<\/h2>\n<p>Eine junge Wassersportlerin auf dem Weg an die Spitze: Triff Aurelia Rick <a href=\"https:\/\/www.naelucare.com\/1808\/\">&gt;&gt;LESEN SIE MEHR<\/a>[\/vc_column_text][\/vc_column_inner][vc_column_inner width=&#8220;1\/2&#8243; css=&#8220;.vc_custom_1722577204636{background-image: url(https:\/\/www.naelucare.com\/wp-content\/uploads\/2024\/08\/2E5A3225.jpg?id=1786) !important;background-position: center !important;background-repeat: no-repeat !important;background-size: cover !important;}&#8220;][vc_empty_space height=&#8220;500px&#8220;][\/vc_column_inner][\/vc_row_inner][vc_row_inner equal_height=&#8220;yes&#8220; rtl_reverse=&#8220;yes&#8220; content_placement=&#8220;middle&#8220;][vc_column_inner width=&#8220;1\/2&#8243; css=&#8220;.vc_custom_1714923895147{background-image: url(https:\/\/www.naelucare.com\/wp-content\/uploads\/2024\/05\/Naelu-Susi-HP-Teaser.jpg?id=1411) !important;background-position: center !important;background-repeat: no-repeat !important;background-size: cover !important;}&#8220;][vc_empty_space height=&#8220;500px&#8220;][\/vc_column_inner][vc_column_inner el_class=&#8220;bg&#8211;light-gray teaser-big-text&#8220; width=&#8220;1\/2&#8243;][vc_column_text]<\/p>\n<h3><span class=\"quote\">&#8222;<\/span>Als Apothekerin und professionelle Kitesurferin wollte ich Produkte entwickeln, die den Alltag von Frauen erleichtern.<\/h3>\n<p>Gr\u00fcnderin, Susanne Schwarztrauber <a class=\"text-link\" href=\"https:\/\/www.naelucare.com\/de\/ueber\/\">&gt;&gt; LESEN SIE MEHR<\/a>[\/vc_column_text][\/vc_column_inner][\/vc_row_inner][vc_row_inner equal_height=&#8220;yes&#8220; content_placement=&#8220;middle&#8220;][vc_column_inner el_class=&#8220;bg&#8211;light-gray&#8220; width=&#8220;1\/2&#8243;][vc_column_text]<\/p>\n<h2>Die Kampagne<\/h2>\n<p>Wir haben es uns zur Aufgabe gemacht, aktive Frauen mit hochwertigen und wirksamen Produkten zu versorgen, die speziell auf ihre Bed\u00fcrfnisse abgestimmt sind. Indem Sie unsere Kampagne unterst\u00fctzen, tragen Sie entscheidend dazu bei, dass N\u00c6 | LU Wirklichkeit wird. Let&#8217;s embrace our innate beauty, celebrate our strength, and revolutionize the skincare industry.[\/vc_column_text][\/vc_column_inner][vc_column_inner el_class=&#8220;bg&#8211;light-gray teaser-big-text&#8220; width=&#8220;1\/2&#8243;][vc_video link=&#8220;https:\/\/www.youtube.com\/watch?v=zIQtQGRXorc&#8220; el_aspect=&#8220;43&#8243; align=&#8220;center&#8220; css_animation=&#8220;fadeIn&#8220;][\/vc_column_inner][\/vc_row_inner][\/vc_column][\/vc_row][vc_row css=&#8220;.vc_custom_1684175948672{margin-top: 5rem !important;}&#8220;][vc_column][vc_basic_grid post_type=&#8220;post&#8220; max_items=&#8220;4&#8243; element_width=&#8220;3&#8243; css=&#8220;&#8220; grid_id=&#8220;vc_gid:1734094133064-b64e1cb3-e1fc-1&#8243;][\/vc_column][\/vc_row][vc_row disable_element=&#8220;yes&#8220; css=&#8220;.vc_custom_1728472858376{margin-top: 5rem !important;}&#8220;][vc_column][vc_column_text][from_the_blog posts=&#8220;4&#8243;][\/vc_column_text][vc_column_text css=&#8220;&#8220;][blog_posts posts=&#8220;\u201d4\u2033&#8220;][\/vc_column_text][\/vc_column][\/vc_row]<\/p>\n<\/div>","protected":false},"excerpt":{"rendered":"<p>[vc_row full_width=&#8220;stretch_row&#8220; gap=&#8220;30&#8243; equal_height=&#8220;yes&#8220; content_placement=&#8220;middle&#8220; css_animation=&#8220;fadeIn&#8220; css=&#8220;.vc_custom_1712908352086{padding-top: 16rem !important;padding-bottom: 16rem !important;background-image: url(https:\/\/www.naelucare.com\/wp-content\/uploads\/2024\/04\/Design-ohne-Titel.jpg?id=1353) !important;background-position: center !important;background-repeat: no-repeat !important;background-size: cover !important;}&#8220;][vc_column][vc_custom_heading text=&#8220;Endlich\u2026<\/p>\n","protected":false},"author":2,"featured_media":0,"parent":0,"menu_order":0,"comment_status":"closed","ping_status":"closed","template":"","meta":{"footnotes":""},"class_list":["post-1688","page","type-page","status-publish","hentry"],"yoast_head":"<!-- This site is optimized with the Yoast SEO plugin v26.8 - https:\/\/yoast.com\/product\/yoast-seo-wordpress\/ -->\n<title>Sonnenschutz, f\u00fcr mein aktives Leben!<\/title>\n<meta name=\"description\" content=\"Unsere Formulierungen sind auf die besonderen Bed\u00fcrfnisse von Frauen mit einem aktiven Lebensstil abgestimmt.\" \/>\n<meta name=\"robots\" content=\"index, follow, max-snippet:-1, max-image-preview:large, max-video-preview:-1\" \/>\n<link rel=\"canonical\" href=\"https:\/\/www.naelucare.com\/de\/\" \/>\n<meta property=\"og:locale\" content=\"de_DE\" \/>\n<meta property=\"og:type\" content=\"article\" \/>\n<meta property=\"og:title\" content=\"Sonnenschutz, f\u00fcr mein aktives Leben!\" \/>\n<meta property=\"og:description\" content=\"Unsere Formulierungen sind auf die besonderen Bed\u00fcrfnisse von Frauen mit einem aktiven Lebensstil abgestimmt.\" \/>\n<meta property=\"og:url\" content=\"https:\/\/www.naelucare.com\/de\/\" \/>\n<meta property=\"og:site_name\" content=\"Naelucare\" \/>\n<meta property=\"article:modified_time\" content=\"2024-12-13T12:49:16+00:00\" \/>\n<script type=\"application\/ld+json\" class=\"yoast-schema-graph\">{\"@context\":\"https:\/\/schema.org\",\"@graph\":[{\"@type\":\"WebPage\",\"@id\":\"https:\/\/www.naelucare.com\/de\/\",\"url\":\"https:\/\/www.naelucare.com\/de\/\",\"name\":\"Sonnenschutz, f\u00fcr mein aktives Leben!\",\"isPartOf\":{\"@id\":\"https:\/\/www.naelucare.com\/de\/#website\"},\"datePublished\":\"2023-01-26T11:01:17+00:00\",\"dateModified\":\"2024-12-13T12:49:16+00:00\",\"description\":\"Unsere Formulierungen sind auf die besonderen Bed\u00fcrfnisse von Frauen mit einem aktiven Lebensstil abgestimmt.\",\"breadcrumb\":{\"@id\":\"https:\/\/www.naelucare.com\/de\/#breadcrumb\"},\"inLanguage\":\"de\",\"potentialAction\":[{\"@type\":\"ReadAction\",\"target\":[\"https:\/\/www.naelucare.com\/de\/\"]}]},{\"@type\":\"BreadcrumbList\",\"@id\":\"https:\/\/www.naelucare.com\/de\/#breadcrumb\",\"itemListElement\":[{\"@type\":\"ListItem\",\"position\":1,\"name\":\"Home\",\"item\":\"https:\/\/www.naelucare.com\/de\/\"},{\"@type\":\"ListItem\",\"position\":2,\"name\":\"Startseite\"}]},{\"@type\":\"WebSite\",\"@id\":\"https:\/\/www.naelucare.com\/de\/#website\",\"url\":\"https:\/\/www.naelucare.com\/de\/\",\"name\":\"Naelu\",\"description\":\"cosmetic developed from active, for active women\",\"publisher\":{\"@id\":\"https:\/\/www.naelucare.com\/de\/#organization\"},\"potentialAction\":[{\"@type\":\"SearchAction\",\"target\":{\"@type\":\"EntryPoint\",\"urlTemplate\":\"https:\/\/www.naelucare.com\/de\/?s={search_term_string}\"},\"query-input\":{\"@type\":\"PropertyValueSpecification\",\"valueRequired\":true,\"valueName\":\"search_term_string\"}}],\"inLanguage\":\"de\"},{\"@type\":\"Organization\",\"@id\":\"https:\/\/www.naelucare.com\/de\/#organization\",\"name\":\"Naelu\",\"url\":\"https:\/\/www.naelucare.com\/de\/\",\"logo\":{\"@type\":\"ImageObject\",\"inLanguage\":\"de\",\"@id\":\"https:\/\/www.naelucare.com\/de\/#\/schema\/logo\/image\/\",\"url\":\"https:\/\/www.naelucare.com\/wp-content\/uploads\/2023\/01\/2212_NAELU_logo-black.png\",\"contentUrl\":\"https:\/\/www.naelucare.com\/wp-content\/uploads\/2023\/01\/2212_NAELU_logo-black.png\",\"width\":2084,\"height\":586,\"caption\":\"Naelu\"},\"image\":{\"@id\":\"https:\/\/www.naelucare.com\/de\/#\/schema\/logo\/image\/\"},\"sameAs\":[\"https:\/\/www.instagram.com\/naelucare\/\"]}]}<\/script>\n<!-- \/ Yoast SEO plugin. -->","yoast_head_json":{"title":"Sonnenschutz, f\u00fcr mein aktives Leben!","description":"Unsere Formulierungen sind auf die besonderen Bed\u00fcrfnisse von Frauen mit einem aktiven Lebensstil abgestimmt.","robots":{"index":"index","follow":"follow","max-snippet":"max-snippet:-1","max-image-preview":"max-image-preview:large","max-video-preview":"max-video-preview:-1"},"canonical":"https:\/\/www.naelucare.com\/de\/","og_locale":"de_DE","og_type":"article","og_title":"Sonnenschutz, f\u00fcr mein aktives Leben!","og_description":"Unsere Formulierungen sind auf die besonderen Bed\u00fcrfnisse von Frauen mit einem aktiven Lebensstil abgestimmt.","og_url":"https:\/\/www.naelucare.com\/de\/","og_site_name":"Naelucare","article_modified_time":"2024-12-13T12:49:16+00:00","schema":{"@context":"https:\/\/schema.org","@graph":[{"@type":"WebPage","@id":"https:\/\/www.naelucare.com\/de\/","url":"https:\/\/www.naelucare.com\/de\/","name":"Sonnenschutz, f\u00fcr mein aktives Leben!","isPartOf":{"@id":"https:\/\/www.naelucare.com\/de\/#website"},"datePublished":"2023-01-26T11:01:17+00:00","dateModified":"2024-12-13T12:49:16+00:00","description":"Unsere Formulierungen sind auf die besonderen Bed\u00fcrfnisse von Frauen mit einem aktiven Lebensstil abgestimmt.","breadcrumb":{"@id":"https:\/\/www.naelucare.com\/de\/#breadcrumb"},"inLanguage":"de","potentialAction":[{"@type":"ReadAction","target":["https:\/\/www.naelucare.com\/de\/"]}]},{"@type":"BreadcrumbList","@id":"https:\/\/www.naelucare.com\/de\/#breadcrumb","itemListElement":[{"@type":"ListItem","position":1,"name":"Home","item":"https:\/\/www.naelucare.com\/de\/"},{"@type":"ListItem","position":2,"name":"Startseite"}]},{"@type":"WebSite","@id":"https:\/\/www.naelucare.com\/de\/#website","url":"https:\/\/www.naelucare.com\/de\/","name":"Naelu","description":"cosmetic developed from active, for active women","publisher":{"@id":"https:\/\/www.naelucare.com\/de\/#organization"},"potentialAction":[{"@type":"SearchAction","target":{"@type":"EntryPoint","urlTemplate":"https:\/\/www.naelucare.com\/de\/?s={search_term_string}"},"query-input":{"@type":"PropertyValueSpecification","valueRequired":true,"valueName":"search_term_string"}}],"inLanguage":"de"},{"@type":"Organization","@id":"https:\/\/www.naelucare.com\/de\/#organization","name":"Naelu","url":"https:\/\/www.naelucare.com\/de\/","logo":{"@type":"ImageObject","inLanguage":"de","@id":"https:\/\/www.naelucare.com\/de\/#\/schema\/logo\/image\/","url":"https:\/\/www.naelucare.com\/wp-content\/uploads\/2023\/01\/2212_NAELU_logo-black.png","contentUrl":"https:\/\/www.naelucare.com\/wp-content\/uploads\/2023\/01\/2212_NAELU_logo-black.png","width":2084,"height":586,"caption":"Naelu"},"image":{"@id":"https:\/\/www.naelucare.com\/de\/#\/schema\/logo\/image\/"},"sameAs":["https:\/\/www.instagram.com\/naelucare\/"]}]}},"_links":{"self":[{"href":"https:\/\/www.naelucare.com\/de\/wp-json\/wp\/v2\/pages\/1688","targetHints":{"allow":["GET"]}}],"collection":[{"href":"https:\/\/www.naelucare.com\/de\/wp-json\/wp\/v2\/pages"}],"about":[{"href":"https:\/\/www.naelucare.com\/de\/wp-json\/wp\/v2\/types\/page"}],"author":[{"embeddable":true,"href":"https:\/\/www.naelucare.com\/de\/wp-json\/wp\/v2\/users\/2"}],"replies":[{"embeddable":true,"href":"https:\/\/www.naelucare.com\/de\/wp-json\/wp\/v2\/comments?post=1688"}],"version-history":[{"count":44,"href":"https:\/\/www.naelucare.com\/de\/wp-json\/wp\/v2\/pages\/1688\/revisions"}],"predecessor-version":[{"id":1896,"href":"https:\/\/www.naelucare.com\/de\/wp-json\/wp\/v2\/pages\/1688\/revisions\/1896"}],"wp:attachment":[{"href":"https:\/\/www.naelucare.com\/de\/wp-json\/wp\/v2\/media?parent=1688"}],"curies":[{"name":"wp","href":"https:\/\/api.w.org\/{rel}","templated":true}]}}