{"id":1683,"date":"2023-01-26T13:40:52","date_gmt":"2023-01-26T11:40:52","guid":{"rendered":"https:\/\/www.naelucare.com\/ueber\/"},"modified":"2024-08-05T14:36:35","modified_gmt":"2024-08-05T12:36:35","slug":"ueber","status":"publish","type":"page","link":"https:\/\/www.naelucare.com\/de\/ueber\/","title":{"rendered":"\u00dcber"},"content":{"rendered":"<div class=\"wpb-content-wrapper\"><p>[vc_row full_width=&#8220;stretch_row&#8220; content_placement=&#8220;top&#8220; css=&#8220;.vc_custom_1684273737748{padding-top: 15rem !important;padding-bottom: 15rem !important;background-image: url(https:\/\/www.naelucare.com\/wp-content\/uploads\/2023\/02\/WEBSITE-PIC-Brand-story-bild-Funny-hands-Kopie.jpg?id=182) !important;background-position: center !important;background-repeat: no-repeat !important;background-size: cover !important;}&#8220;][vc_column][vc_empty_space][\/vc_column][\/vc_row][vc_row full_width=&#8220;stretch_row&#8220; content_placement=&#8220;middle&#8220; el_class=&#8220;bg&#8211;light-gray teaser-big-text&#8220; css=&#8220;.vc_custom_1684959247986{margin-bottom: 3rem !important;padding-top: 2rem !important;padding-bottom: 2rem !important;}&#8220;][vc_column][vc_column_text]<\/p>\n<h3><span class=\"quote\">&#8222;<\/span>Hallo, ich bin Susi, eine professionelle Kitesurferin und Apothekerin aus Deutschland. Teile meines K\u00f6rpers sind unpigmentiert und aufgrund meines Lebensstils bin ich st\u00e4ndig intensiver UV-Strahlung ausgesetzt, so dass ein hochwertiger Sonnenschutz f\u00fcr mich eine entscheidende Notwendigkeit ist.&#8220;<\/h3>\n<p style=\"text-align: left;\">Gr\u00fcnderin, Susanne Schwarztrauber<\/p>\n<p>[\/vc_column_text][\/vc_column][\/vc_row][vc_row css=&#8220;.vc_custom_1684959746969{padding-top: 2rem !important;}&#8220;][vc_column][vc_column_text]<\/p>\n<h1>Geboren aus pers\u00f6nlichen Bed\u00fcrfnissen<\/h1>\n<p>[\/vc_column_text][\/vc_column][\/vc_row][vc_row equal_height=&#8220;yes&#8220; content_placement=&#8220;top&#8220; css=&#8220;.vc_custom_1684959758148{padding-bottom: 3rem !important;}&#8220;][vc_column width=&#8220;1\/2&#8243;][vc_column_text]<\/p>\n<div>W\u00e4hrend meiner vielen Stunden im Freien mit anderen Sportlerinnen konnte ich nicht umhin festzustellen, dass wir alle mit einem gemeinsamen Problem zu k\u00e4mpfen hatten &#8211; der Suche nach einer Sonnencreme, die wirklich alle unsere Bed\u00fcrfnisse erf\u00fcllt. Ich begann mich zu fragen, warum aktive Kosmetikunternehmen bei der Entwicklung von Formulierungen speziell f\u00fcr extreme Bedingungen nicht die inh\u00e4renten Unterschiede zwischen m\u00e4nnlicher und weiblicher Haut ber\u00fccksichtigen. Aus Frustration dar\u00fcber, dass es auf dem Markt keine Sonnencreme gab, die meinen hohen Anspr\u00fcchen gen\u00fcgte, und weil ich es leid war, auf meinen Reisen zahlreiche Kosmetiktuben mit mir herumzutragen, kam ich an einen Punkt, an dem ich verzweifelt war. Es war mir st\u00e4ndig unangenehm, dass Sonnencreme in meine Augen gelangte und sie verbrannte, und ich stand vor dem unangenehmen Kompromiss, meine Hautgesundheit zu gef\u00e4hrden oder ein gespenstisch wei\u00dfes Aussehen zu bekommen.<\/div>\n<p>[\/vc_column_text][\/vc_column][vc_column width=&#8220;1\/2&#8243;][vc_column_text]<\/p>\n<div>In diesem Moment wurde mir klar, dass ich die Dinge selbst in die Hand nehmen und etwas \u00e4ndern musste. Ich wollte Produkte, die mir das Leben leichter machen und meinen speziellen Anforderungen entsprechen. Ich suchte nach Produkten, denen ich vertrauen konnte, von denen ich genau wusste, was in ihnen enthalten war, und die meinen aktiven Lebensstil und meine seri\u00f6se Einstellung zum Leben unterst\u00fctzen w\u00fcrden. Ich habe es Schritt f\u00fcr Schritt gemacht, und hier sind wir heute. Ich m\u00f6chte mich von ganzem Herzen bei all meinen Freunden und meiner Familie bedanken, insbesondere bei meinem Partner Daniel, der mich auf dieser Reise unterst\u00fctzt und angefeuert hat. Es war zweifellos hart und herausfordernd, und ich bin dankbar f\u00fcr eure unersch\u00fctterliche Unterst\u00fctzung und daf\u00fcr, dass ihr mich bei diesem Abenteuer begleitet habt.<\/div>\n<p>[\/vc_column_text][\/vc_column][\/vc_row][vc_row css=&#8220;.vc_custom_1684176284320{margin-top: 2rem !important;margin-bottom: 3rem !important;}&#8220; el_class=&#8220;square-teaser-text&#8220;][vc_column][vc_row_inner equal_height=&#8220;yes&#8220; rtl_reverse=&#8220;yes&#8220; content_placement=&#8220;middle&#8220;][vc_column_inner el_class=&#8220;bg&#8211;light-gray&#8220; width=&#8220;1\/2&#8243;][vc_column_text]<\/p>\n<h2>Mein Versprechen an dich<\/h2>\n<p>Alle Inhaltsstoffe in den Produkten von N\u00c6 | LU werden mit viel Liebe zum Detail und auf der Grundlage wissenschaftlicher Forschung ausgew\u00e4hlt. Die Formulierungen haben eine nat\u00fcrliche Basis und sind frei von unerw\u00fcnschten Stoffen. Jeder Inhaltsstoff wird durch wissenschaftliche Studien unterst\u00fctzt, die seine Wirksamkeit belegen. Deshalb habe ich auch die Entscheidung getroffen, in der Schweiz zu produzieren. Ich wollte sicherstellen, dass jede Tube, die Sie kaufen, einen echten Wert f\u00fcr Ihr Geld bietet.[\/vc_column_text][\/vc_column_inner][vc_column_inner width=&#8220;1\/2&#8243; css=&#8220;.vc_custom_1684162047469{background-image: url(https:\/\/www.naelucare.com\/wp-content\/uploads\/2023\/05\/Startseite-Bild-3-Quadrat.jpg?id=577) !important;background-position: center !important;background-repeat: no-repeat !important;background-size: cover !important;}&#8220;][vc_empty_space height=&#8220;500px&#8220;][\/vc_column_inner][\/vc_row_inner][vc_row_inner equal_height=&#8220;yes&#8220; content_placement=&#8220;middle&#8220;][vc_column_inner width=&#8220;1\/2&#8243; css=&#8220;.vc_custom_1685012348489{background-image: url(https:\/\/www.naelucare.com\/wp-content\/uploads\/2023\/05\/Tunnel-Wave-2.png?id=833) !important;background-position: center !important;background-repeat: no-repeat !important;background-size: cover !important;}&#8220;][vc_empty_space height=&#8220;500px&#8220; css=&#8220;.vc_custom_1722861252777{background-image: url(https:\/\/www.naelucare.com\/wp-content\/uploads\/2024\/08\/Design-ohne-Titel.png?id=1846) !important;}&#8220;][\/vc_column_inner][vc_column_inner el_class=&#8220;bg&#8211;light-gray&#8220; width=&#8220;1\/2&#8243;][vc_column_text]<\/p>\n<h2>Riffsicher<\/h2>\n<p>Wir sind stolz auf unser riffsicheres Produkt und stellen sicher, dass es nicht nur deine Haut sch\u00fctzt, sondern auch einen positiven Beitrag zum Erhalt der Korallenriffe leistet. Genie\u00dfe den Strand und die Sonne in dem Wissen, dass du eine umweltbewusste Entscheidung triffst. <a href=\"https:\/\/www.naelucare.com\/de\/riff-sicher\/\">&gt;&gt;LESEN SIE MEHR <\/a>[\/vc_column_text][\/vc_column_inner][\/vc_row_inner][\/vc_column][\/vc_row][vc_row css=&#8220;.vc_custom_1686310649525{padding-top: 2rem !important;padding-bottom: 3rem !important;}&#8220;][vc_column][vc_column_text]<\/p>\n<h2 style=\"text-align: center;\">Lange Rede, kurzer Sinn: Schau dir einfach unser Kampagnenvideo an<\/h2>\n<p>[\/vc_column_text][vc_video link=&#8220;https:\/\/www.youtube.com\/watch?v=zIQtQGRXorc&#8220; align=&#8220;center&#8220; css_animation=&#8220;fadeIn&#8220; src=&#8220;&#8222;https:\/\/www.youtube.com\/embed\/zIQtQGRXorc&#8222;&#8220; width=&#8220;&#8222;560&#8222;&#8220; height=&#8220;&#8222;315&#8222;&#8220; frameborder=&#8220;&#8222;0&#8222;&#8220;][\/vc_column][\/vc_row][vc_row gap=&#8220;35&#8243; equal_height=&#8220;yes&#8220; css=&#8220;.vc_custom_1674813595945{margin-top: 5rem !important;margin-bottom: 5rem !important;}&#8220;][vc_column width=&#8220;1\/2&#8243;][vc_single_image image=&#8220;83&#8243; img_size=&#8220;485&#215;485&#8243; onclick=&#8220;custom_link&#8220; css_animation=&#8220;fadeIn&#8220; link=&#8220;\/produkt\/nae-lu-sun-spf-50\/&#8220;][vc_column_text]<\/p>\n<h2>N\u00c6 | LU <strong>SUN<\/strong> SPF 50<\/h2>\n<h4>SONNENCREME MIT HOHEM SCHUTZ<\/h4>\n<p>[\/vc_column_text][vc_btn title=&#8220;Details&#8220; style=&#8220;flat&#8220; color=&#8220;black&#8220; size=&#8220;lg&#8220; align=&#8220;center&#8220; button_block=&#8220;true&#8220; link=&#8220;url:https%3A%2F%2Fwww.naelucare.com%2Fprodukt%2Fnae-lu-sun-spf-50%2F|title:N%C3%86%20%7C%20LU%20SUN%20SPF%2050|&#8220;][\/vc_column][vc_column width=&#8220;1\/2&#8243;][vc_single_image image=&#8220;157&#8243; img_size=&#8220;485&#215;485&#8243; onclick=&#8220;custom_link&#8220; css_animation=&#8220;fadeIn&#8220; link=&#8220;\/produkt\/nae-lu-revive\/&#8220;][vc_column_text]<\/p>\n<h2>N\u00c6 | LU <strong>REVIVE<\/strong><\/h2>\n<h4>REGENERIERENDE GESICHTSCREME<\/h4>\n<p>[\/vc_column_text][vc_btn title=&#8220;Details&#8220; style=&#8220;flat&#8220; color=&#8220;black&#8220; size=&#8220;lg&#8220; align=&#8220;center&#8220; button_block=&#8220;true&#8220; link=&#8220;url:https%3A%2F%2Fwww.naelucare.com%2Fprodukt%2Fnae-lu-revive%2F|title:N%C3%86%20%7C%20LU%20SUN%20SPF%2050|&#8220;][\/vc_column][\/vc_row]<\/p>\n<\/div>","protected":false},"excerpt":{"rendered":"<p>[vc_row full_width=&#8220;stretch_row&#8220; content_placement=&#8220;top&#8220; css=&#8220;.vc_custom_1684273737748{padding-top: 15rem !important;padding-bottom: 15rem !important;background-image: url(https:\/\/www.naelucare.com\/wp-content\/uploads\/2023\/02\/WEBSITE-PIC-Brand-story-bild-Funny-hands-Kopie.jpg?id=182) !important;background-position: center !important;background-repeat: no-repeat !important;background-size: cover !important;}&#8220;][vc_column][vc_empty_space][\/vc_column][\/vc_row][vc_row full_width=&#8220;stretch_row&#8220; content_placement=&#8220;middle&#8220; el_class=&#8220;bg&#8211;light-gray teaser-big-text&#8220;\u2026<\/p>\n","protected":false},"author":2,"featured_media":0,"parent":0,"menu_order":0,"comment_status":"closed","ping_status":"closed","template":"","meta":{"footnotes":""},"class_list":["post-1683","page","type-page","status-publish","hentry"],"yoast_head":"<!-- This site is optimized with the Yoast SEO plugin v26.8 - https:\/\/yoast.com\/product\/yoast-seo-wordpress\/ -->\n<title>\u00dcber - Naelucare<\/title>\n<meta name=\"robots\" content=\"index, follow, max-snippet:-1, max-image-preview:large, max-video-preview:-1\" \/>\n<link rel=\"canonical\" href=\"https:\/\/www.naelucare.com\/de\/ueber\/\" \/>\n<meta property=\"og:locale\" content=\"de_DE\" \/>\n<meta property=\"og:type\" content=\"article\" \/>\n<meta property=\"og:title\" content=\"\u00dcber - Naelucare\" \/>\n<meta property=\"og:description\" content=\"[vc_row full_width=&#8220;stretch_row&#8220; content_placement=&#8220;top&#8220; css=&#8220;.vc_custom_1684273737748{padding-top: 15rem !important;padding-bottom: 15rem !important;background-image: url(https:\/\/www.naelucare.com\/wp-content\/uploads\/2023\/02\/WEBSITE-PIC-Brand-story-bild-Funny-hands-Kopie.jpg?id=182) !important;background-position: center !important;background-repeat: no-repeat !important;background-size: cover !important;}&#8220;][vc_column][vc_empty_space][\/vc_column][\/vc_row][vc_row full_width=&#8220;stretch_row&#8220; content_placement=&#8220;middle&#8220; el_class=&#8220;bg&#8211;light-gray teaser-big-text&#8220;\u2026\" \/>\n<meta property=\"og:url\" content=\"https:\/\/www.naelucare.com\/de\/ueber\/\" \/>\n<meta property=\"og:site_name\" content=\"Naelucare\" \/>\n<meta property=\"article:modified_time\" content=\"2024-08-05T12:36:35+00:00\" \/>\n<script type=\"application\/ld+json\" class=\"yoast-schema-graph\">{\"@context\":\"https:\/\/schema.org\",\"@graph\":[{\"@type\":\"WebPage\",\"@id\":\"https:\/\/www.naelucare.com\/de\/ueber\/\",\"url\":\"https:\/\/www.naelucare.com\/de\/ueber\/\",\"name\":\"\u00dcber - Naelucare\",\"isPartOf\":{\"@id\":\"https:\/\/www.naelucare.com\/de\/#website\"},\"datePublished\":\"2023-01-26T11:40:52+00:00\",\"dateModified\":\"2024-08-05T12:36:35+00:00\",\"breadcrumb\":{\"@id\":\"https:\/\/www.naelucare.com\/de\/ueber\/#breadcrumb\"},\"inLanguage\":\"de\",\"potentialAction\":[{\"@type\":\"ReadAction\",\"target\":[\"https:\/\/www.naelucare.com\/de\/ueber\/\"]}]},{\"@type\":\"BreadcrumbList\",\"@id\":\"https:\/\/www.naelucare.com\/de\/ueber\/#breadcrumb\",\"itemListElement\":[{\"@type\":\"ListItem\",\"position\":1,\"name\":\"Home\",\"item\":\"https:\/\/www.naelucare.com\/de\/\"},{\"@type\":\"ListItem\",\"position\":2,\"name\":\"\u00dcber\"}]},{\"@type\":\"WebSite\",\"@id\":\"https:\/\/www.naelucare.com\/de\/#website\",\"url\":\"https:\/\/www.naelucare.com\/de\/\",\"name\":\"Naelu\",\"description\":\"cosmetic developed from active, for active women\",\"publisher\":{\"@id\":\"https:\/\/www.naelucare.com\/de\/#organization\"},\"potentialAction\":[{\"@type\":\"SearchAction\",\"target\":{\"@type\":\"EntryPoint\",\"urlTemplate\":\"https:\/\/www.naelucare.com\/de\/?s={search_term_string}\"},\"query-input\":{\"@type\":\"PropertyValueSpecification\",\"valueRequired\":true,\"valueName\":\"search_term_string\"}}],\"inLanguage\":\"de\"},{\"@type\":\"Organization\",\"@id\":\"https:\/\/www.naelucare.com\/de\/#organization\",\"name\":\"Naelu\",\"url\":\"https:\/\/www.naelucare.com\/de\/\",\"logo\":{\"@type\":\"ImageObject\",\"inLanguage\":\"de\",\"@id\":\"https:\/\/www.naelucare.com\/de\/#\/schema\/logo\/image\/\",\"url\":\"https:\/\/www.naelucare.com\/wp-content\/uploads\/2023\/01\/2212_NAELU_logo-black.png\",\"contentUrl\":\"https:\/\/www.naelucare.com\/wp-content\/uploads\/2023\/01\/2212_NAELU_logo-black.png\",\"width\":2084,\"height\":586,\"caption\":\"Naelu\"},\"image\":{\"@id\":\"https:\/\/www.naelucare.com\/de\/#\/schema\/logo\/image\/\"},\"sameAs\":[\"https:\/\/www.instagram.com\/naelucare\/\"]}]}<\/script>\n<!-- \/ Yoast SEO plugin. -->","yoast_head_json":{"title":"\u00dcber - Naelucare","robots":{"index":"index","follow":"follow","max-snippet":"max-snippet:-1","max-image-preview":"max-image-preview:large","max-video-preview":"max-video-preview:-1"},"canonical":"https:\/\/www.naelucare.com\/de\/ueber\/","og_locale":"de_DE","og_type":"article","og_title":"\u00dcber - Naelucare","og_description":"[vc_row full_width=&#8220;stretch_row&#8220; content_placement=&#8220;top&#8220; css=&#8220;.vc_custom_1684273737748{padding-top: 15rem !important;padding-bottom: 15rem !important;background-image: url(https:\/\/www.naelucare.com\/wp-content\/uploads\/2023\/02\/WEBSITE-PIC-Brand-story-bild-Funny-hands-Kopie.jpg?id=182) !important;background-position: center !important;background-repeat: no-repeat !important;background-size: cover !important;}&#8220;][vc_column][vc_empty_space][\/vc_column][\/vc_row][vc_row full_width=&#8220;stretch_row&#8220; content_placement=&#8220;middle&#8220; el_class=&#8220;bg&#8211;light-gray teaser-big-text&#8220;\u2026","og_url":"https:\/\/www.naelucare.com\/de\/ueber\/","og_site_name":"Naelucare","article_modified_time":"2024-08-05T12:36:35+00:00","schema":{"@context":"https:\/\/schema.org","@graph":[{"@type":"WebPage","@id":"https:\/\/www.naelucare.com\/de\/ueber\/","url":"https:\/\/www.naelucare.com\/de\/ueber\/","name":"\u00dcber - Naelucare","isPartOf":{"@id":"https:\/\/www.naelucare.com\/de\/#website"},"datePublished":"2023-01-26T11:40:52+00:00","dateModified":"2024-08-05T12:36:35+00:00","breadcrumb":{"@id":"https:\/\/www.naelucare.com\/de\/ueber\/#breadcrumb"},"inLanguage":"de","potentialAction":[{"@type":"ReadAction","target":["https:\/\/www.naelucare.com\/de\/ueber\/"]}]},{"@type":"BreadcrumbList","@id":"https:\/\/www.naelucare.com\/de\/ueber\/#breadcrumb","itemListElement":[{"@type":"ListItem","position":1,"name":"Home","item":"https:\/\/www.naelucare.com\/de\/"},{"@type":"ListItem","position":2,"name":"\u00dcber"}]},{"@type":"WebSite","@id":"https:\/\/www.naelucare.com\/de\/#website","url":"https:\/\/www.naelucare.com\/de\/","name":"Naelu","description":"cosmetic developed from active, for active women","publisher":{"@id":"https:\/\/www.naelucare.com\/de\/#organization"},"potentialAction":[{"@type":"SearchAction","target":{"@type":"EntryPoint","urlTemplate":"https:\/\/www.naelucare.com\/de\/?s={search_term_string}"},"query-input":{"@type":"PropertyValueSpecification","valueRequired":true,"valueName":"search_term_string"}}],"inLanguage":"de"},{"@type":"Organization","@id":"https:\/\/www.naelucare.com\/de\/#organization","name":"Naelu","url":"https:\/\/www.naelucare.com\/de\/","logo":{"@type":"ImageObject","inLanguage":"de","@id":"https:\/\/www.naelucare.com\/de\/#\/schema\/logo\/image\/","url":"https:\/\/www.naelucare.com\/wp-content\/uploads\/2023\/01\/2212_NAELU_logo-black.png","contentUrl":"https:\/\/www.naelucare.com\/wp-content\/uploads\/2023\/01\/2212_NAELU_logo-black.png","width":2084,"height":586,"caption":"Naelu"},"image":{"@id":"https:\/\/www.naelucare.com\/de\/#\/schema\/logo\/image\/"},"sameAs":["https:\/\/www.instagram.com\/naelucare\/"]}]}},"_links":{"self":[{"href":"https:\/\/www.naelucare.com\/de\/wp-json\/wp\/v2\/pages\/1683","targetHints":{"allow":["GET"]}}],"collection":[{"href":"https:\/\/www.naelucare.com\/de\/wp-json\/wp\/v2\/pages"}],"about":[{"href":"https:\/\/www.naelucare.com\/de\/wp-json\/wp\/v2\/types\/page"}],"author":[{"embeddable":true,"href":"https:\/\/www.naelucare.com\/de\/wp-json\/wp\/v2\/users\/2"}],"replies":[{"embeddable":true,"href":"https:\/\/www.naelucare.com\/de\/wp-json\/wp\/v2\/comments?post=1683"}],"version-history":[{"count":9,"href":"https:\/\/www.naelucare.com\/de\/wp-json\/wp\/v2\/pages\/1683\/revisions"}],"predecessor-version":[{"id":1852,"href":"https:\/\/www.naelucare.com\/de\/wp-json\/wp\/v2\/pages\/1683\/revisions\/1852"}],"wp:attachment":[{"href":"https:\/\/www.naelucare.com\/de\/wp-json\/wp\/v2\/media?parent=1683"}],"curies":[{"name":"wp","href":"https:\/\/api.w.org\/{rel}","templated":true}]}}