{"id":1678,"date":"2023-01-26T14:27:48","date_gmt":"2023-01-26T12:27:48","guid":{"rendered":"https:\/\/www.naelucare.com\/nachrichten\/"},"modified":"2024-07-24T08:42:16","modified_gmt":"2024-07-24T07:42:16","slug":"nachrichten","status":"publish","type":"page","link":"https:\/\/www.naelucare.com\/de\/nachrichten\/","title":{"rendered":"Nachrichten"},"content":{"rendered":"<div class=\"wpb-content-wrapper\"><p>[vc_row css=&#8220;.vc_custom_1674740304796{margin-top: 3rem !important;}&#8220;][vc_column width=&#8220;2\/3&#8243;][vc_column_text]<\/p>\n<h3>Inspirierende Geschichten aus dem Naelucare Netzwerk<\/h3>\n<p>Entdecken Sie mit uns die Geschichten von inspirierenden Frauen mit einzigartigen Botschaften und einer Leidenschaft f\u00fcr Abenteuer. Jeder hat eine Geschichte, die es wert ist, geh\u00f6rt zu werden, und wir laden dich ein, unsere Interviews mit fesselnden Inhalten und inspirierenden Geschichten zu verfolgen.[\/vc_column_text][\/vc_column][vc_column width=&#8220;1\/3&#8243;][\/vc_column][\/vc_row][vc_row css=&#8220;.vc_custom_1674813216162{margin-top: 5rem !important;margin-bottom: 5rem !important;}&#8220;][vc_column][blog_posts posts=&#8220;20&#8243;][\/vc_column][\/vc_row][vc_row el_class=&#8220;square-teaser-text&#8220;][vc_column][vc_row_inner equal_height=&#8220;yes&#8220; content_placement=&#8220;middle&#8220;][vc_column_inner width=&#8220;1\/2&#8243; css=&#8220;.vc_custom_1685051021621{background-image: url(https:\/\/www.naelucare.com\/wp-content\/uploads\/2023\/05\/JP5D7683-scaled.jpg?id=885) !important;background-position: center !important;background-repeat: no-repeat !important;background-size: cover !important;}&#8220;][vc_empty_space height=&#8220;500px&#8220;][\/vc_column_inner][vc_column_inner el_class=&#8220;bg&#8211;light-gray&#8220; width=&#8220;1\/2&#8243;][vc_column_text el_class=&#8220;bg&#8211;light-gray&#8220;]<\/p>\n<h2>Wir sch\u00e4tzen DICH<\/h2>\n<p>N\u00c6 | LU feiert die dynamischen Frauen, die in der Natur aufleben und sich voller Abenteuer im Alltag bewegen, dabei aber stets ihre feminine Ausstrahlung bewahren. Es ist eine Hommage an ihre St\u00e4rke, ihren Abenteuergeist und ihre unnachgiebige Anmut.[\/vc_column_text][\/vc_column_inner][\/vc_row_inner][vc_row_inner equal_height=&#8220;yes&#8220; rtl_reverse=&#8220;yes&#8220; content_placement=&#8220;middle&#8220;][vc_column_inner el_class=&#8220;bg&#8211;light-gray&#8220; width=&#8220;1\/2&#8243;][vc_column_text el_class=&#8220;bg&#8211;light-gray&#8220;]<\/p>\n<h2>Hommage<\/h2>\n<p>Dieser Teil der Website ist eine Hommage an all die Frauen da drau\u00dfen, die das Leben in vollen Z\u00fcgen genie\u00dfen wollen. Diese Frauen genie\u00dfen es, ihre Leidenschaften mit anderen zu teilen, sei es durch ihre Erlebnisse, Geschichten oder einfach durch ihre positive Ausstrahlung&#8230;<\/p>\n<p><a href=\"https:\/\/www.naelucare.com\/de\/hommage\/\">&gt;&gt;MEHR LESEN<\/a>[\/vc_column_text][\/vc_column_inner][vc_column_inner width=&#8220;1\/2&#8243; css=&#8220;.vc_custom_1685049535867{background-image: url(https:\/\/www.naelucare.com\/wp-content\/uploads\/2023\/04\/2023-02-11-SouthAfrica-NaeluCare-\u00a9MiriamJoanna-DSC00567-scaled.jpg?id=373) !important;background-position: center !important;background-repeat: no-repeat !important;background-size: cover !important;}&#8220;][vc_empty_space height=&#8220;500px&#8220;][\/vc_column_inner][\/vc_row_inner][\/vc_column][\/vc_row]<\/p>\n<\/div>","protected":false},"excerpt":{"rendered":"<p>[vc_row css=&#8220;.vc_custom_1674740304796{margin-top: 3rem !important;}&#8220;][vc_column width=&#8220;2\/3&#8243;][vc_column_text] Inspirierende Geschichten aus dem Naelucare Netzwerk Entdecken Sie mit uns die Geschichten von inspirierenden Frauen\u2026<\/p>\n","protected":false},"author":2,"featured_media":0,"parent":0,"menu_order":0,"comment_status":"closed","ping_status":"closed","template":"","meta":{"footnotes":""},"class_list":["post-1678","page","type-page","status-publish","hentry"],"yoast_head":"<!-- This site is optimized with the Yoast SEO plugin v26.8 - https:\/\/yoast.com\/product\/yoast-seo-wordpress\/ -->\n<title>Nachrichten - Naelucare<\/title>\n<meta name=\"robots\" content=\"index, follow, max-snippet:-1, max-image-preview:large, max-video-preview:-1\" \/>\n<link rel=\"canonical\" href=\"https:\/\/www.naelucare.com\/de\/nachrichten\/\" \/>\n<meta property=\"og:locale\" content=\"de_DE\" \/>\n<meta property=\"og:type\" content=\"article\" \/>\n<meta property=\"og:title\" content=\"Nachrichten - Naelucare\" \/>\n<meta property=\"og:description\" content=\"[vc_row css=&#8220;.vc_custom_1674740304796{margin-top: 3rem !important;}&#8220;][vc_column width=&#8220;2\/3&#8243;][vc_column_text] Inspirierende Geschichten aus dem Naelucare Netzwerk Entdecken Sie mit uns die Geschichten von inspirierenden Frauen\u2026\" \/>\n<meta property=\"og:url\" content=\"https:\/\/www.naelucare.com\/de\/nachrichten\/\" \/>\n<meta property=\"og:site_name\" content=\"Naelucare\" \/>\n<meta property=\"article:modified_time\" content=\"2024-07-24T07:42:16+00:00\" \/>\n<script type=\"application\/ld+json\" class=\"yoast-schema-graph\">{\"@context\":\"https:\/\/schema.org\",\"@graph\":[{\"@type\":\"WebPage\",\"@id\":\"https:\/\/www.naelucare.com\/de\/nachrichten\/\",\"url\":\"https:\/\/www.naelucare.com\/de\/nachrichten\/\",\"name\":\"Nachrichten - Naelucare\",\"isPartOf\":{\"@id\":\"https:\/\/www.naelucare.com\/de\/#website\"},\"datePublished\":\"2023-01-26T12:27:48+00:00\",\"dateModified\":\"2024-07-24T07:42:16+00:00\",\"breadcrumb\":{\"@id\":\"https:\/\/www.naelucare.com\/de\/nachrichten\/#breadcrumb\"},\"inLanguage\":\"de\",\"potentialAction\":[{\"@type\":\"ReadAction\",\"target\":[\"https:\/\/www.naelucare.com\/de\/nachrichten\/\"]}]},{\"@type\":\"BreadcrumbList\",\"@id\":\"https:\/\/www.naelucare.com\/de\/nachrichten\/#breadcrumb\",\"itemListElement\":[{\"@type\":\"ListItem\",\"position\":1,\"name\":\"Home\",\"item\":\"https:\/\/www.naelucare.com\/de\/\"},{\"@type\":\"ListItem\",\"position\":2,\"name\":\"Nachrichten\"}]},{\"@type\":\"WebSite\",\"@id\":\"https:\/\/www.naelucare.com\/de\/#website\",\"url\":\"https:\/\/www.naelucare.com\/de\/\",\"name\":\"Naelu\",\"description\":\"cosmetic developed from active, for active women\",\"publisher\":{\"@id\":\"https:\/\/www.naelucare.com\/de\/#organization\"},\"potentialAction\":[{\"@type\":\"SearchAction\",\"target\":{\"@type\":\"EntryPoint\",\"urlTemplate\":\"https:\/\/www.naelucare.com\/de\/?s={search_term_string}\"},\"query-input\":{\"@type\":\"PropertyValueSpecification\",\"valueRequired\":true,\"valueName\":\"search_term_string\"}}],\"inLanguage\":\"de\"},{\"@type\":\"Organization\",\"@id\":\"https:\/\/www.naelucare.com\/de\/#organization\",\"name\":\"Naelu\",\"url\":\"https:\/\/www.naelucare.com\/de\/\",\"logo\":{\"@type\":\"ImageObject\",\"inLanguage\":\"de\",\"@id\":\"https:\/\/www.naelucare.com\/de\/#\/schema\/logo\/image\/\",\"url\":\"https:\/\/www.naelucare.com\/wp-content\/uploads\/2023\/01\/2212_NAELU_logo-black.png\",\"contentUrl\":\"https:\/\/www.naelucare.com\/wp-content\/uploads\/2023\/01\/2212_NAELU_logo-black.png\",\"width\":2084,\"height\":586,\"caption\":\"Naelu\"},\"image\":{\"@id\":\"https:\/\/www.naelucare.com\/de\/#\/schema\/logo\/image\/\"},\"sameAs\":[\"https:\/\/www.instagram.com\/naelucare\/\"]}]}<\/script>\n<!-- \/ Yoast SEO plugin. -->","yoast_head_json":{"title":"Nachrichten - Naelucare","robots":{"index":"index","follow":"follow","max-snippet":"max-snippet:-1","max-image-preview":"max-image-preview:large","max-video-preview":"max-video-preview:-1"},"canonical":"https:\/\/www.naelucare.com\/de\/nachrichten\/","og_locale":"de_DE","og_type":"article","og_title":"Nachrichten - Naelucare","og_description":"[vc_row css=&#8220;.vc_custom_1674740304796{margin-top: 3rem !important;}&#8220;][vc_column width=&#8220;2\/3&#8243;][vc_column_text] Inspirierende Geschichten aus dem Naelucare Netzwerk Entdecken Sie mit uns die Geschichten von inspirierenden Frauen\u2026","og_url":"https:\/\/www.naelucare.com\/de\/nachrichten\/","og_site_name":"Naelucare","article_modified_time":"2024-07-24T07:42:16+00:00","schema":{"@context":"https:\/\/schema.org","@graph":[{"@type":"WebPage","@id":"https:\/\/www.naelucare.com\/de\/nachrichten\/","url":"https:\/\/www.naelucare.com\/de\/nachrichten\/","name":"Nachrichten - Naelucare","isPartOf":{"@id":"https:\/\/www.naelucare.com\/de\/#website"},"datePublished":"2023-01-26T12:27:48+00:00","dateModified":"2024-07-24T07:42:16+00:00","breadcrumb":{"@id":"https:\/\/www.naelucare.com\/de\/nachrichten\/#breadcrumb"},"inLanguage":"de","potentialAction":[{"@type":"ReadAction","target":["https:\/\/www.naelucare.com\/de\/nachrichten\/"]}]},{"@type":"BreadcrumbList","@id":"https:\/\/www.naelucare.com\/de\/nachrichten\/#breadcrumb","itemListElement":[{"@type":"ListItem","position":1,"name":"Home","item":"https:\/\/www.naelucare.com\/de\/"},{"@type":"ListItem","position":2,"name":"Nachrichten"}]},{"@type":"WebSite","@id":"https:\/\/www.naelucare.com\/de\/#website","url":"https:\/\/www.naelucare.com\/de\/","name":"Naelu","description":"cosmetic developed from active, for active women","publisher":{"@id":"https:\/\/www.naelucare.com\/de\/#organization"},"potentialAction":[{"@type":"SearchAction","target":{"@type":"EntryPoint","urlTemplate":"https:\/\/www.naelucare.com\/de\/?s={search_term_string}"},"query-input":{"@type":"PropertyValueSpecification","valueRequired":true,"valueName":"search_term_string"}}],"inLanguage":"de"},{"@type":"Organization","@id":"https:\/\/www.naelucare.com\/de\/#organization","name":"Naelu","url":"https:\/\/www.naelucare.com\/de\/","logo":{"@type":"ImageObject","inLanguage":"de","@id":"https:\/\/www.naelucare.com\/de\/#\/schema\/logo\/image\/","url":"https:\/\/www.naelucare.com\/wp-content\/uploads\/2023\/01\/2212_NAELU_logo-black.png","contentUrl":"https:\/\/www.naelucare.com\/wp-content\/uploads\/2023\/01\/2212_NAELU_logo-black.png","width":2084,"height":586,"caption":"Naelu"},"image":{"@id":"https:\/\/www.naelucare.com\/de\/#\/schema\/logo\/image\/"},"sameAs":["https:\/\/www.instagram.com\/naelucare\/"]}]}},"_links":{"self":[{"href":"https:\/\/www.naelucare.com\/de\/wp-json\/wp\/v2\/pages\/1678","targetHints":{"allow":["GET"]}}],"collection":[{"href":"https:\/\/www.naelucare.com\/de\/wp-json\/wp\/v2\/pages"}],"about":[{"href":"https:\/\/www.naelucare.com\/de\/wp-json\/wp\/v2\/types\/page"}],"author":[{"embeddable":true,"href":"https:\/\/www.naelucare.com\/de\/wp-json\/wp\/v2\/users\/2"}],"replies":[{"embeddable":true,"href":"https:\/\/www.naelucare.com\/de\/wp-json\/wp\/v2\/comments?post=1678"}],"version-history":[{"count":5,"href":"https:\/\/www.naelucare.com\/de\/wp-json\/wp\/v2\/pages\/1678\/revisions"}],"predecessor-version":[{"id":1777,"href":"https:\/\/www.naelucare.com\/de\/wp-json\/wp\/v2\/pages\/1678\/revisions\/1777"}],"wp:attachment":[{"href":"https:\/\/www.naelucare.com\/de\/wp-json\/wp\/v2\/media?parent=1678"}],"curies":[{"name":"wp","href":"https:\/\/api.w.org\/{rel}","templated":true}]}}