{"id":1671,"date":"2023-01-26T14:29:15","date_gmt":"2023-01-26T12:29:15","guid":{"rendered":"https:\/\/www.naelucare.com\/commitment\/"},"modified":"2024-07-21T14:23:18","modified_gmt":"2024-07-21T13:23:18","slug":"commitment","status":"publish","type":"page","link":"https:\/\/www.naelucare.com\/de\/commitment\/","title":{"rendered":"Commitment"},"content":{"rendered":"<div class=\"wpb-content-wrapper\"><p>[vc_row full_width=&#8220;stretch_row&#8220; content_placement=&#8220;top&#8220; css_animation=&#8220;fadeIn&#8220; css=&#8220;.vc_custom_1714923560734{padding-top: 15rem !important;padding-bottom: 15rem !important;background-image: url(https:\/\/www.naelucare.com\/wp-content\/uploads\/2024\/05\/2023-02-11-SouthAfrica-NaeluCare.jpg?id=1409) !important;background-position: center !important;background-repeat: no-repeat !important;background-size: cover !important;}&#8220;][vc_column][vc_empty_space][\/vc_column][\/vc_row][vc_row css=&#8220;.vc_custom_1684163240126{padding-top: 2rem !important;padding-bottom: 3rem !important;}&#8220;][vc_column][vc_column_text]<\/p>\n<h1 style=\"text-align: center;\">#WEARENAELU<\/h1>\n<div class=\"page\" title=\"Seite 2\">\n<div class=\"section\">\n<div class=\"layoutArea\">\n<div class=\"column\">\n<p>MEHR als eine Hautpflegemarke: Eine Bewegung selbstbewusster Frauen, die sich nicht scheuen, ihren Leidenschaften nachzugehen und sich gegenseitig zu st\u00e4rken. Unsere Produkte werden mit hochwertigen, wirksamen Inhaltsstoffen und ethischen Herstellungsverfahren entwickelt, die Nachhaltigkeit und positive Auswirkungen auf die Umwelt f\u00f6rdern.<\/p>\n<\/div>\n<\/div>\n<\/div>\n<\/div>\n<p style=\"text-align: center;\"> <a href=\"https:\/\/www.naelucare.com\/de\/?p=1650\">&gt;&gt;LESEN SIE MEHR<\/a><\/p>\n<p>[\/vc_column_text][\/vc_column][\/vc_row][vc_row css=&#8220;.vc_custom_1684176089372{margin-bottom: 3rem !important;}&#8220; el_class=&#8220;square-teaser-text&#8220;][vc_column][vc_row_inner equal_height=&#8220;yes&#8220; content_placement=&#8220;middle&#8220;][vc_column_inner width=&#8220;1\/2&#8243; css=&#8220;.vc_custom_1684163352421{background-image: url(https:\/\/www.naelucare.com\/wp-content\/uploads\/2023\/05\/commitment-1.jpg?id=571) !important;background-position: center !important;background-repeat: no-repeat !important;background-size: cover !important;}&#8220;][vc_empty_space height=&#8220;500px&#8220;][\/vc_column_inner][vc_column_inner el_class=&#8220;bg&#8211;light-gray&#8220; width=&#8220;1\/2&#8243;][vc_column_text]<\/p>\n<h2 class=\"font-bold font-title text-title\">Wir testen Grenzen.<\/h2>\n<p>Die Entwicklung eines neuen Produkts ist eine Reise, die Hingabe, harte Arbeit und eine Menge Tests erfordert. Als Gr\u00fcnder von N\u00c6 | LU werde ich oft gefragt, wie ich das Sonnenprodukt entwickelt habe und wie ich seine Wirksamkeit unter extremen Bedingungen sichergestellt habe. Die Wahrheit ist, dass ich es ohne meine tapferen und unterst\u00fctzenden Freunde, die mir bei jedem Schritt geholfen haben, nicht geschafft h\u00e4tte.<\/p>\n<p><a href=\"https:\/\/www.naelucare.com\/de\/?p=1646\">&gt;&gt;LESEN SIE MEHR<\/a>[\/vc_column_text][\/vc_column_inner][\/vc_row_inner][vc_row_inner equal_height=&#8220;yes&#8220; rtl_reverse=&#8220;yes&#8220; content_placement=&#8220;middle&#8220;][vc_column_inner el_class=&#8220;bg&#8211;light-gray&#8220; width=&#8220;1\/2&#8243;][vc_column_text]<\/p>\n<h2>Wir konzentrieren uns auf die Bed\u00fcrfnisse von Frauen.<\/h2>\n<p>Wir m\u00f6chten ein Thema ansprechen, das in der Welt der Hautpflege und des Sonnenschutzes oft \u00fcbersehen wird: die Unterschiede zwischen der Haut von M\u00e4nnern und Frauen. Es gibt zwar viele \u00c4hnlichkeiten in der Hautstruktur zwischen den Geschlechtern, aber auch bemerkenswerte Unterschiede, die sich auf die Wirkung von Hautpflegeprodukten auf der Haut auswirken k\u00f6nnen.<\/p>\n<p><a href=\"https:\/\/www.naelucare.com\/de\/?p=1639\">&gt;&gt;LESEN SIE MEHR<\/a>[\/vc_column_text][\/vc_column_inner][vc_column_inner width=&#8220;1\/2&#8243; css=&#8220;.vc_custom_1684163379941{background-image: url(https:\/\/www.naelucare.com\/wp-content\/uploads\/2023\/05\/commitment-2.jpg?id=572) !important;background-position: center !important;background-repeat: no-repeat !important;background-size: cover !important;}&#8220;][vc_empty_space height=&#8220;500px&#8220;][\/vc_column_inner][\/vc_row_inner][vc_row_inner equal_height=&#8220;yes&#8220; content_placement=&#8220;middle&#8220;][vc_column_inner width=&#8220;1\/2&#8243; css=&#8220;.vc_custom_1684163389706{background-image: url(https:\/\/www.naelucare.com\/wp-content\/uploads\/2023\/05\/commitment-3.jpg?id=573) !important;background-position: center !important;background-repeat: no-repeat !important;background-size: cover !important;}&#8220;][vc_empty_space height=&#8220;500px&#8220;][\/vc_column_inner][vc_column_inner el_class=&#8220;bg&#8211;light-gray&#8220; width=&#8220;1\/2&#8243;][vc_column_text]<\/p>\n<h2>Wir \u00fcbernehmen Verantwortung.<\/h2>\n<p>Wir von N\u00c6 | LU nehmen unsere Verpflichtung, Sie und die Umwelt zu sch\u00fctzen, sehr ernst. Wir legen gro\u00dfen Wert auf die Verwendung sicherer und nachhaltiger Inhaltsstoffe in all unseren Produkten. Deshalb sind wir stolz darauf, vegane, grausamkeitsfreie und rifffreundliche Optionen anbieten zu k\u00f6nnen.<\/p>\n<p><a href=\"https:\/\/www.naelucare.com\/de\/?p=1632\">&gt;&gt;LESEN SIE MEHR<\/a>[\/vc_column_text][\/vc_column_inner][\/vc_row_inner][\/vc_column][\/vc_row][vc_row css=&#8220;.vc_custom_1684163713018{margin-top: 2rem !important;margin-bottom: 3rem !important;}&#8220;][vc_column][vc_column_text]<\/p>\n<h2>Unsere Verpackung<\/h2>\n<p>Bei N\u00c6 | LU haben wir uns der Nachhaltigkeit und der Minimierung unserer Umweltauswirkungen verschrieben. Deshalb haben wir daf\u00fcr gesorgt, dass unsere Verpackungen so nachhaltig wie m\u00f6glich sind.<br \/>\n[\/vc_column_text][vc_row_inner equal_height=&#8220;yes&#8220; content_placement=&#8220;middle&#8220; gap=&#8220;35&#8243; el_class=&#8220;text-white&#8220;][vc_column_inner width=&#8220;1\/3&#8243; css=&#8220;.vc_custom_1684954440325{background-color: #30c7b5 !important;border-radius: 35px !important;}&#8220;][vc_column_text]<\/p>\n<p style=\"text-align: center;\">Unsere Kartonverpackungen sind FSC-zertifiziert<\/p>\n<p>[\/vc_column_text][\/vc_column_inner][vc_column_inner width=&#8220;1\/3&#8243; css=&#8220;.vc_custom_1684954449353{background-color: #30c7b5 !important;border-radius: 35px !important;}&#8220;][vc_column_text]<\/p>\n<p style=\"text-align: center;\">Die Schl\u00e4uche sind aus &gt;50% recyceltem Kunststoff hergestellt.<\/p>\n<p>[\/vc_column_text][\/vc_column_inner][vc_column_inner width=&#8220;1\/3&#8243; css=&#8220;.vc_custom_1684954457425{background-color: #30c7b5 !important;border-radius: 35px !important;}&#8220;][vc_column_text]<\/p>\n<p style=\"text-align: center;\">Weniger neues Plastik und weniger Abfall<\/p>\n<p>[\/vc_column_text][\/vc_column_inner][\/vc_row_inner][vc_column_text css=&#8220;.vc_custom_1684954595641{padding-top: 2rem !important;}&#8220;]<\/p>\n<div class=\"page\" title=\"Seite 2\">\n<div class=\"section\">\n<div class=\"layoutArea\">\n<div class=\"column\">\n<p>Wir sind zwar stolz auf die nachhaltigen Optionen, die wir gew\u00e4hlt haben, aber wir wissen, dass wir es besser machen k\u00f6nnen. Unser Ziel ist es, 100 % recycelte Rohre zu verwenden, aber als kleines Unternehmen sind wir leider nicht in der Lage, die erforderlichen 25.000 St\u00fcck zu kaufen (um 100 % zu erhalten, m\u00fcssen Sie beim Hersteller kaufen). Wir bleiben jedoch unserer Mission treu und hoffen, dass wir den Wechsel so bald wie m\u00f6glich vollziehen k\u00f6nnen.<\/p>\n<\/div>\n<\/div>\n<\/div>\n<\/div>\n<p>[\/vc_column_text][\/vc_column][\/vc_row][vc_row full_width=&#8220;stretch_row&#8220; css=&#8220;.vc_custom_1684176533397{margin-top: 2rem !important;margin-bottom: 3rem !important;padding-top: 3em !important;padding-bottom: 3rem !important;}&#8220; el_class=&#8220;bg&#8211;light-gray teaser-big-text&#8220;][vc_column][vc_column_text]<\/p>\n<h3><span class=\"quote\">&#8222;<\/span> Unser Ziel ist es, zu 100% recycelte Rohre zu verwenden.<\/h3>\n<p>Gr\u00fcnderin, Susanne Schwarztrauber[\/vc_column_text][\/vc_column][\/vc_row][vc_row css=&#8220;.vc_custom_1684163682495{margin-top: 2rem !important;}&#8220;][vc_column][blog_posts posts=&#8220;4&#8243; category=&#8220;knowledge&#8220;][\/vc_column][\/vc_row][vc_row][vc_column][vc_raw_html]PHN0eWxlPiNkZXNrdG9wLXNsaWRlciAud3BiX3NpbmdsZV9pbWFnZS53cGJfY29udGVudF9lbGVtZW50ewogIG1hcmdpbjogMCAhaW1wb3J0YW50Owp9Cjwvc3R5bGU+[\/vc_raw_html][\/vc_column][\/vc_row]<\/p>\n<\/div>","protected":false},"excerpt":{"rendered":"<p>[vc_row full_width=&#8220;stretch_row&#8220; content_placement=&#8220;top&#8220; css_animation=&#8220;fadeIn&#8220; css=&#8220;.vc_custom_1714923560734{padding-top: 15rem !important;padding-bottom: 15rem !important;background-image: url(https:\/\/www.naelucare.com\/wp-content\/uploads\/2024\/05\/2023-02-11-SouthAfrica-NaeluCare.jpg?id=1409) !important;background-position: center !important;background-repeat: no-repeat !important;background-size: cover !important;}&#8220;][vc_column][vc_empty_space][\/vc_column][\/vc_row][vc_row css=&#8220;.vc_custom_1684163240126{padding-top: 2rem !important;padding-bottom:\u2026<\/p>\n","protected":false},"author":2,"featured_media":0,"parent":0,"menu_order":0,"comment_status":"closed","ping_status":"closed","template":"","meta":{"footnotes":""},"class_list":["post-1671","page","type-page","status-publish","hentry"],"yoast_head":"<!-- This site is optimized with the Yoast SEO plugin v26.8 - https:\/\/yoast.com\/product\/yoast-seo-wordpress\/ -->\n<title>Commitment - Naelucare<\/title>\n<meta name=\"robots\" content=\"index, follow, max-snippet:-1, max-image-preview:large, max-video-preview:-1\" \/>\n<link rel=\"canonical\" href=\"https:\/\/www.naelucare.com\/de\/commitment\/\" \/>\n<meta property=\"og:locale\" content=\"de_DE\" \/>\n<meta property=\"og:type\" content=\"article\" \/>\n<meta property=\"og:title\" content=\"Commitment - Naelucare\" \/>\n<meta property=\"og:description\" content=\"[vc_row full_width=&#8220;stretch_row&#8220; content_placement=&#8220;top&#8220; css_animation=&#8220;fadeIn&#8220; css=&#8220;.vc_custom_1714923560734{padding-top: 15rem !important;padding-bottom: 15rem !important;background-image: url(https:\/\/www.naelucare.com\/wp-content\/uploads\/2024\/05\/2023-02-11-SouthAfrica-NaeluCare.jpg?id=1409) !important;background-position: center !important;background-repeat: no-repeat !important;background-size: cover !important;}&#8220;][vc_column][vc_empty_space][\/vc_column][\/vc_row][vc_row css=&#8220;.vc_custom_1684163240126{padding-top: 2rem !important;padding-bottom:\u2026\" \/>\n<meta property=\"og:url\" content=\"https:\/\/www.naelucare.com\/de\/commitment\/\" \/>\n<meta property=\"og:site_name\" content=\"Naelucare\" \/>\n<meta property=\"article:modified_time\" content=\"2024-07-21T13:23:18+00:00\" \/>\n<script type=\"application\/ld+json\" class=\"yoast-schema-graph\">{\"@context\":\"https:\/\/schema.org\",\"@graph\":[{\"@type\":\"WebPage\",\"@id\":\"https:\/\/www.naelucare.com\/de\/commitment\/\",\"url\":\"https:\/\/www.naelucare.com\/de\/commitment\/\",\"name\":\"Commitment - Naelucare\",\"isPartOf\":{\"@id\":\"https:\/\/www.naelucare.com\/de\/#website\"},\"datePublished\":\"2023-01-26T12:29:15+00:00\",\"dateModified\":\"2024-07-21T13:23:18+00:00\",\"breadcrumb\":{\"@id\":\"https:\/\/www.naelucare.com\/de\/commitment\/#breadcrumb\"},\"inLanguage\":\"de\",\"potentialAction\":[{\"@type\":\"ReadAction\",\"target\":[\"https:\/\/www.naelucare.com\/de\/commitment\/\"]}]},{\"@type\":\"BreadcrumbList\",\"@id\":\"https:\/\/www.naelucare.com\/de\/commitment\/#breadcrumb\",\"itemListElement\":[{\"@type\":\"ListItem\",\"position\":1,\"name\":\"Home\",\"item\":\"https:\/\/www.naelucare.com\/de\/\"},{\"@type\":\"ListItem\",\"position\":2,\"name\":\"Commitment\"}]},{\"@type\":\"WebSite\",\"@id\":\"https:\/\/www.naelucare.com\/de\/#website\",\"url\":\"https:\/\/www.naelucare.com\/de\/\",\"name\":\"Naelu\",\"description\":\"cosmetic developed from active, for active women\",\"publisher\":{\"@id\":\"https:\/\/www.naelucare.com\/de\/#organization\"},\"potentialAction\":[{\"@type\":\"SearchAction\",\"target\":{\"@type\":\"EntryPoint\",\"urlTemplate\":\"https:\/\/www.naelucare.com\/de\/?s={search_term_string}\"},\"query-input\":{\"@type\":\"PropertyValueSpecification\",\"valueRequired\":true,\"valueName\":\"search_term_string\"}}],\"inLanguage\":\"de\"},{\"@type\":\"Organization\",\"@id\":\"https:\/\/www.naelucare.com\/de\/#organization\",\"name\":\"Naelu\",\"url\":\"https:\/\/www.naelucare.com\/de\/\",\"logo\":{\"@type\":\"ImageObject\",\"inLanguage\":\"de\",\"@id\":\"https:\/\/www.naelucare.com\/de\/#\/schema\/logo\/image\/\",\"url\":\"https:\/\/www.naelucare.com\/wp-content\/uploads\/2023\/01\/2212_NAELU_logo-black.png\",\"contentUrl\":\"https:\/\/www.naelucare.com\/wp-content\/uploads\/2023\/01\/2212_NAELU_logo-black.png\",\"width\":2084,\"height\":586,\"caption\":\"Naelu\"},\"image\":{\"@id\":\"https:\/\/www.naelucare.com\/de\/#\/schema\/logo\/image\/\"},\"sameAs\":[\"https:\/\/www.instagram.com\/naelucare\/\"]}]}<\/script>\n<!-- \/ Yoast SEO plugin. -->","yoast_head_json":{"title":"Commitment - Naelucare","robots":{"index":"index","follow":"follow","max-snippet":"max-snippet:-1","max-image-preview":"max-image-preview:large","max-video-preview":"max-video-preview:-1"},"canonical":"https:\/\/www.naelucare.com\/de\/commitment\/","og_locale":"de_DE","og_type":"article","og_title":"Commitment - Naelucare","og_description":"[vc_row full_width=&#8220;stretch_row&#8220; content_placement=&#8220;top&#8220; css_animation=&#8220;fadeIn&#8220; css=&#8220;.vc_custom_1714923560734{padding-top: 15rem !important;padding-bottom: 15rem !important;background-image: url(https:\/\/www.naelucare.com\/wp-content\/uploads\/2024\/05\/2023-02-11-SouthAfrica-NaeluCare.jpg?id=1409) !important;background-position: center !important;background-repeat: no-repeat !important;background-size: cover !important;}&#8220;][vc_column][vc_empty_space][\/vc_column][\/vc_row][vc_row css=&#8220;.vc_custom_1684163240126{padding-top: 2rem !important;padding-bottom:\u2026","og_url":"https:\/\/www.naelucare.com\/de\/commitment\/","og_site_name":"Naelucare","article_modified_time":"2024-07-21T13:23:18+00:00","schema":{"@context":"https:\/\/schema.org","@graph":[{"@type":"WebPage","@id":"https:\/\/www.naelucare.com\/de\/commitment\/","url":"https:\/\/www.naelucare.com\/de\/commitment\/","name":"Commitment - Naelucare","isPartOf":{"@id":"https:\/\/www.naelucare.com\/de\/#website"},"datePublished":"2023-01-26T12:29:15+00:00","dateModified":"2024-07-21T13:23:18+00:00","breadcrumb":{"@id":"https:\/\/www.naelucare.com\/de\/commitment\/#breadcrumb"},"inLanguage":"de","potentialAction":[{"@type":"ReadAction","target":["https:\/\/www.naelucare.com\/de\/commitment\/"]}]},{"@type":"BreadcrumbList","@id":"https:\/\/www.naelucare.com\/de\/commitment\/#breadcrumb","itemListElement":[{"@type":"ListItem","position":1,"name":"Home","item":"https:\/\/www.naelucare.com\/de\/"},{"@type":"ListItem","position":2,"name":"Commitment"}]},{"@type":"WebSite","@id":"https:\/\/www.naelucare.com\/de\/#website","url":"https:\/\/www.naelucare.com\/de\/","name":"Naelu","description":"cosmetic developed from active, for active women","publisher":{"@id":"https:\/\/www.naelucare.com\/de\/#organization"},"potentialAction":[{"@type":"SearchAction","target":{"@type":"EntryPoint","urlTemplate":"https:\/\/www.naelucare.com\/de\/?s={search_term_string}"},"query-input":{"@type":"PropertyValueSpecification","valueRequired":true,"valueName":"search_term_string"}}],"inLanguage":"de"},{"@type":"Organization","@id":"https:\/\/www.naelucare.com\/de\/#organization","name":"Naelu","url":"https:\/\/www.naelucare.com\/de\/","logo":{"@type":"ImageObject","inLanguage":"de","@id":"https:\/\/www.naelucare.com\/de\/#\/schema\/logo\/image\/","url":"https:\/\/www.naelucare.com\/wp-content\/uploads\/2023\/01\/2212_NAELU_logo-black.png","contentUrl":"https:\/\/www.naelucare.com\/wp-content\/uploads\/2023\/01\/2212_NAELU_logo-black.png","width":2084,"height":586,"caption":"Naelu"},"image":{"@id":"https:\/\/www.naelucare.com\/de\/#\/schema\/logo\/image\/"},"sameAs":["https:\/\/www.instagram.com\/naelucare\/"]}]}},"_links":{"self":[{"href":"https:\/\/www.naelucare.com\/de\/wp-json\/wp\/v2\/pages\/1671","targetHints":{"allow":["GET"]}}],"collection":[{"href":"https:\/\/www.naelucare.com\/de\/wp-json\/wp\/v2\/pages"}],"about":[{"href":"https:\/\/www.naelucare.com\/de\/wp-json\/wp\/v2\/types\/page"}],"author":[{"embeddable":true,"href":"https:\/\/www.naelucare.com\/de\/wp-json\/wp\/v2\/users\/2"}],"replies":[{"embeddable":true,"href":"https:\/\/www.naelucare.com\/de\/wp-json\/wp\/v2\/comments?post=1671"}],"version-history":[{"count":2,"href":"https:\/\/www.naelucare.com\/de\/wp-json\/wp\/v2\/pages\/1671\/revisions"}],"predecessor-version":[{"id":1676,"href":"https:\/\/www.naelucare.com\/de\/wp-json\/wp\/v2\/pages\/1671\/revisions\/1676"}],"wp:attachment":[{"href":"https:\/\/www.naelucare.com\/de\/wp-json\/wp\/v2\/media?parent=1671"}],"curies":[{"name":"wp","href":"https:\/\/api.w.org\/{rel}","templated":true}]}}