{"id":1661,"date":"2023-01-31T14:57:22","date_gmt":"2023-01-31T13:57:22","guid":{"rendered":"https:\/\/www.naelucare.com\/kontakt\/"},"modified":"2024-07-21T14:23:18","modified_gmt":"2024-07-21T13:23:18","slug":"kontakt","status":"publish","type":"page","link":"https:\/\/www.naelucare.com\/de\/kontakt\/","title":{"rendered":"Kontakt"},"content":{"rendered":"<div class=\"wpb-content-wrapper\"><p>[vc_row css=&#8220;.vc_custom_1684176982959{margin-top: 2rem !important;margin-bottom: 3rem !important;}&#8220;][vc_column width=&#8220;2\/3&#8243;][vc_column_text]<\/p>\n<h2>Kontakt<\/h2>\n<p>Wir von Naelucare haben es uns zur Aufgabe gemacht, au\u00dfergew\u00f6hnliche Pflege und Unterst\u00fctzung zu bieten, um Ihr Wohlbefinden zu steigern. Ganz gleich, ob Sie Fragen haben, Hilfe ben\u00f6tigen oder sich \u00fcber unsere Dienstleistungen informieren m\u00f6chten, wir sind f\u00fcr Sie da. Sie k\u00f6nnen uns \u00fcber unsere unten stehenden Kontaktkan\u00e4le erreichen:<\/p>\n<p>E-Mail: <a href=\"mailto:info@naelucare.com\" target=\"_new\" rel=\"noopener\">info@naelucare.com<\/a><\/p>\n<p>WhatsApp Chat:+4915258621623<\/p>\n<p>Wir freuen uns \u00fcber Ihr Feedback, Ihre Vorschl\u00e4ge und Anfragen. Ihre Angaben helfen uns, unsere Dienstleistungen zu verbessern und unsere Betreuung besser auf Ihre Bed\u00fcrfnisse abzustimmen. Wenn Sie Kommentare oder Fragen haben, z\u00f6gern Sie bitte nicht, sich mit uns in Verbindung zu setzen. Wir sind bestrebt, Ihnen eine au\u00dfergew\u00f6hnliche Betreuung zu bieten und Ihre Zufriedenheit zu gew\u00e4hrleisten.<\/p>\n<p>Vielen Dank, dass Sie Naelucare unterst\u00fctzen. Wir freuen uns darauf, von Ihnen zu h\u00f6ren.<\/p>\n<p>Herzliche Gr\u00fc\u00dfe, Das Naelucare Team[\/vc_column_text][\/vc_column][vc_column width=&#8220;1\/3&#8243;][\/vc_column][\/vc_row]<\/p>\n<\/div>","protected":false},"excerpt":{"rendered":"<p>[vc_row css=&#8220;.vc_custom_1684176982959{margin-top: 2rem !important;margin-bottom: 3rem !important;}&#8220;][vc_column width=&#8220;2\/3&#8243;][vc_column_text] Kontakt Wir von Naelucare haben es uns zur Aufgabe gemacht, au\u00dfergew\u00f6hnliche Pflege und\u2026<\/p>\n","protected":false},"author":2,"featured_media":0,"parent":0,"menu_order":0,"comment_status":"closed","ping_status":"closed","template":"","meta":{"footnotes":""},"class_list":["post-1661","page","type-page","status-publish","hentry"],"yoast_head":"<!-- This site is optimized with the Yoast SEO plugin v26.8 - https:\/\/yoast.com\/product\/yoast-seo-wordpress\/ -->\n<title>Kontakt - Naelucare<\/title>\n<meta name=\"robots\" content=\"noindex, follow\" \/>\n<meta property=\"og:locale\" content=\"de_DE\" \/>\n<meta property=\"og:type\" content=\"article\" \/>\n<meta property=\"og:title\" content=\"Kontakt - Naelucare\" \/>\n<meta property=\"og:description\" content=\"[vc_row css=&#8220;.vc_custom_1684176982959{margin-top: 2rem !important;margin-bottom: 3rem !important;}&#8220;][vc_column width=&#8220;2\/3&#8243;][vc_column_text] Kontakt Wir von Naelucare haben es uns zur Aufgabe gemacht, au\u00dfergew\u00f6hnliche Pflege und\u2026\" \/>\n<meta property=\"og:url\" content=\"https:\/\/www.naelucare.com\/de\/kontakt\/\" \/>\n<meta property=\"og:site_name\" content=\"Naelucare\" \/>\n<meta property=\"article:modified_time\" content=\"2024-07-21T13:23:18+00:00\" \/>\n<script type=\"application\/ld+json\" class=\"yoast-schema-graph\">{\"@context\":\"https:\/\/schema.org\",\"@graph\":[{\"@type\":\"WebPage\",\"@id\":\"https:\/\/www.naelucare.com\/de\/kontakt\/\",\"url\":\"https:\/\/www.naelucare.com\/de\/kontakt\/\",\"name\":\"Kontakt - Naelucare\",\"isPartOf\":{\"@id\":\"https:\/\/www.naelucare.com\/de\/#website\"},\"datePublished\":\"2023-01-31T13:57:22+00:00\",\"dateModified\":\"2024-07-21T13:23:18+00:00\",\"breadcrumb\":{\"@id\":\"https:\/\/www.naelucare.com\/de\/kontakt\/#breadcrumb\"},\"inLanguage\":\"de\",\"potentialAction\":[{\"@type\":\"ReadAction\",\"target\":[\"https:\/\/www.naelucare.com\/de\/kontakt\/\"]}]},{\"@type\":\"BreadcrumbList\",\"@id\":\"https:\/\/www.naelucare.com\/de\/kontakt\/#breadcrumb\",\"itemListElement\":[{\"@type\":\"ListItem\",\"position\":1,\"name\":\"Home\",\"item\":\"https:\/\/www.naelucare.com\/de\/\"},{\"@type\":\"ListItem\",\"position\":2,\"name\":\"Kontakt\"}]},{\"@type\":\"WebSite\",\"@id\":\"https:\/\/www.naelucare.com\/de\/#website\",\"url\":\"https:\/\/www.naelucare.com\/de\/\",\"name\":\"Naelu\",\"description\":\"cosmetic developed from active, for active women\",\"publisher\":{\"@id\":\"https:\/\/www.naelucare.com\/de\/#organization\"},\"potentialAction\":[{\"@type\":\"SearchAction\",\"target\":{\"@type\":\"EntryPoint\",\"urlTemplate\":\"https:\/\/www.naelucare.com\/de\/?s={search_term_string}\"},\"query-input\":{\"@type\":\"PropertyValueSpecification\",\"valueRequired\":true,\"valueName\":\"search_term_string\"}}],\"inLanguage\":\"de\"},{\"@type\":\"Organization\",\"@id\":\"https:\/\/www.naelucare.com\/de\/#organization\",\"name\":\"Naelu\",\"url\":\"https:\/\/www.naelucare.com\/de\/\",\"logo\":{\"@type\":\"ImageObject\",\"inLanguage\":\"de\",\"@id\":\"https:\/\/www.naelucare.com\/de\/#\/schema\/logo\/image\/\",\"url\":\"https:\/\/www.naelucare.com\/wp-content\/uploads\/2023\/01\/2212_NAELU_logo-black.png\",\"contentUrl\":\"https:\/\/www.naelucare.com\/wp-content\/uploads\/2023\/01\/2212_NAELU_logo-black.png\",\"width\":2084,\"height\":586,\"caption\":\"Naelu\"},\"image\":{\"@id\":\"https:\/\/www.naelucare.com\/de\/#\/schema\/logo\/image\/\"},\"sameAs\":[\"https:\/\/www.instagram.com\/naelucare\/\"]}]}<\/script>\n<!-- \/ Yoast SEO plugin. -->","yoast_head_json":{"title":"Kontakt - Naelucare","robots":{"index":"noindex","follow":"follow"},"og_locale":"de_DE","og_type":"article","og_title":"Kontakt - Naelucare","og_description":"[vc_row css=&#8220;.vc_custom_1684176982959{margin-top: 2rem !important;margin-bottom: 3rem !important;}&#8220;][vc_column width=&#8220;2\/3&#8243;][vc_column_text] Kontakt Wir von Naelucare haben es uns zur Aufgabe gemacht, au\u00dfergew\u00f6hnliche Pflege und\u2026","og_url":"https:\/\/www.naelucare.com\/de\/kontakt\/","og_site_name":"Naelucare","article_modified_time":"2024-07-21T13:23:18+00:00","schema":{"@context":"https:\/\/schema.org","@graph":[{"@type":"WebPage","@id":"https:\/\/www.naelucare.com\/de\/kontakt\/","url":"https:\/\/www.naelucare.com\/de\/kontakt\/","name":"Kontakt - Naelucare","isPartOf":{"@id":"https:\/\/www.naelucare.com\/de\/#website"},"datePublished":"2023-01-31T13:57:22+00:00","dateModified":"2024-07-21T13:23:18+00:00","breadcrumb":{"@id":"https:\/\/www.naelucare.com\/de\/kontakt\/#breadcrumb"},"inLanguage":"de","potentialAction":[{"@type":"ReadAction","target":["https:\/\/www.naelucare.com\/de\/kontakt\/"]}]},{"@type":"BreadcrumbList","@id":"https:\/\/www.naelucare.com\/de\/kontakt\/#breadcrumb","itemListElement":[{"@type":"ListItem","position":1,"name":"Home","item":"https:\/\/www.naelucare.com\/de\/"},{"@type":"ListItem","position":2,"name":"Kontakt"}]},{"@type":"WebSite","@id":"https:\/\/www.naelucare.com\/de\/#website","url":"https:\/\/www.naelucare.com\/de\/","name":"Naelu","description":"cosmetic developed from active, for active women","publisher":{"@id":"https:\/\/www.naelucare.com\/de\/#organization"},"potentialAction":[{"@type":"SearchAction","target":{"@type":"EntryPoint","urlTemplate":"https:\/\/www.naelucare.com\/de\/?s={search_term_string}"},"query-input":{"@type":"PropertyValueSpecification","valueRequired":true,"valueName":"search_term_string"}}],"inLanguage":"de"},{"@type":"Organization","@id":"https:\/\/www.naelucare.com\/de\/#organization","name":"Naelu","url":"https:\/\/www.naelucare.com\/de\/","logo":{"@type":"ImageObject","inLanguage":"de","@id":"https:\/\/www.naelucare.com\/de\/#\/schema\/logo\/image\/","url":"https:\/\/www.naelucare.com\/wp-content\/uploads\/2023\/01\/2212_NAELU_logo-black.png","contentUrl":"https:\/\/www.naelucare.com\/wp-content\/uploads\/2023\/01\/2212_NAELU_logo-black.png","width":2084,"height":586,"caption":"Naelu"},"image":{"@id":"https:\/\/www.naelucare.com\/de\/#\/schema\/logo\/image\/"},"sameAs":["https:\/\/www.instagram.com\/naelucare\/"]}]}},"_links":{"self":[{"href":"https:\/\/www.naelucare.com\/de\/wp-json\/wp\/v2\/pages\/1661","targetHints":{"allow":["GET"]}}],"collection":[{"href":"https:\/\/www.naelucare.com\/de\/wp-json\/wp\/v2\/pages"}],"about":[{"href":"https:\/\/www.naelucare.com\/de\/wp-json\/wp\/v2\/types\/page"}],"author":[{"embeddable":true,"href":"https:\/\/www.naelucare.com\/de\/wp-json\/wp\/v2\/users\/2"}],"replies":[{"embeddable":true,"href":"https:\/\/www.naelucare.com\/de\/wp-json\/wp\/v2\/comments?post=1661"}],"version-history":[{"count":2,"href":"https:\/\/www.naelucare.com\/de\/wp-json\/wp\/v2\/pages\/1661\/revisions"}],"predecessor-version":[{"id":1665,"href":"https:\/\/www.naelucare.com\/de\/wp-json\/wp\/v2\/pages\/1661\/revisions\/1665"}],"wp:attachment":[{"href":"https:\/\/www.naelucare.com\/de\/wp-json\/wp\/v2\/media?parent=1661"}],"curies":[{"name":"wp","href":"https:\/\/api.w.org\/{rel}","templated":true}]}}